{"id":358,"date":"2024-12-09T15:51:42","date_gmt":"2024-12-09T12:51:42","guid":{"rendered":"https:\/\/istevl.com\/?page_id=358"},"modified":"2025-01-07T20:42:39","modified_gmt":"2025-01-07T17:42:39","slug":"danismanlik-hizmetleri","status":"publish","type":"page","link":"https:\/\/istevl.com\/?page_id=358","title":{"rendered":"Dan\u0131\u015fmanl\u0131k Hizmetleri"},"content":{"rendered":"\t\t<div data-elementor-type=\"wp-page\" data-elementor-id=\"358\" class=\"elementor elementor-358\">\n\t\t\t\t<div class=\"elementor-element elementor-element-84e5ad6 e-flex e-con-boxed e-con e-parent\" data-id=\"84e5ad6\" data-element_type=\"container\" data-e-type=\"container\">\n\t\t\t\t\t<div class=\"e-con-inner\">\n\t\t\t\t\t<\/div>\n\t\t\t\t<\/div>\n\t\t<div class=\"elementor-element elementor-element-72d18c0 e-con-full e-flex e-con e-parent\" data-id=\"72d18c0\" data-element_type=\"container\" data-e-type=\"container\">\n\t\t\t\t<div class=\"elementor-element elementor-element-555a2f7 elementor-widget elementor-widget-image\" data-id=\"555a2f7\" data-element_type=\"widget\" data-e-type=\"widget\" data-widget_type=\"image.default\">\n\t\t\t\t<div class=\"elementor-widget-container\">\n\t\t\t\t\t\t\t\t\t\t\t\t\t\t\t<img fetchpriority=\"high\" decoding=\"async\" width=\"800\" height=\"266\" src=\"https:\/\/istevl.com\/wp-content\/uploads\/2024\/12\/aa-slidder2-1024x341.jpg\" class=\"attachment-large size-large wp-image-479\" alt=\"\" srcset=\"https:\/\/istevl.com\/wp-content\/uploads\/2024\/12\/aa-slidder2-1024x341.jpg 1024w, https:\/\/istevl.com\/wp-content\/uploads\/2024\/12\/aa-slidder2-300x100.jpg 300w, https:\/\/istevl.com\/wp-content\/uploads\/2024\/12\/aa-slidder2-768x256.jpg 768w, https:\/\/istevl.com\/wp-content\/uploads\/2024\/12\/aa-slidder2.jpg 1500w\" sizes=\"(max-width: 800px) 100vw, 800px\" \/>\t\t\t\t\t\t\t\t\t\t\t\t\t\t\t<\/div>\n\t\t\t\t<\/div>\n\t\t\t\t<\/div>\n\t\t<div class=\"elementor-element elementor-element-fee05fd e-flex e-con-boxed e-con e-parent\" data-id=\"fee05fd\" data-element_type=\"container\" data-e-type=\"container\">\n\t\t\t\t\t<div class=\"e-con-inner\">\n\t\t\t\t\t<\/div>\n\t\t\t\t<\/div>\n\t\t<div class=\"elementor-element elementor-element-d320bc9 e-flex e-con-boxed e-con e-parent\" data-id=\"d320bc9\" data-element_type=\"container\" data-e-type=\"container\">\n\t\t\t\t\t<div class=\"e-con-inner\">\n\t\t\t\t<div class=\"elementor-element elementor-element-cb511be elementor-widget elementor-widget-text-editor\" data-id=\"cb511be\" data-element_type=\"widget\" data-e-type=\"widget\" data-widget_type=\"text-editor.default\">\n\t\t\t\t<div class=\"elementor-widget-container\">\n\t\t\t\t\t\t\t\t\t<h5>Dan\u0131\u015fmanl\u0131k Hizmetleri<\/h5><ol start=\"1\"><li><p><strong>Enerji Y\u00f6neticili\u011fi ve Dan\u0131\u015fmanl\u0131k Hizmeti<\/strong><\/p><ul><li><p><strong>Ama\u00e7:<\/strong> Enerji tasarrufu sa\u011flamak, maliyetleri d\u00fc\u015f\u00fcrmek ve s\u00fcrd\u00fcr\u00fclebilir enerji kullan\u0131m\u0131n\u0131 te\u015fvik etmek.<\/p><\/li><li><p><strong>Hizmetler:<\/strong><\/p><ul><li><p><strong>Enerji Verimlili\u011fi Analizi:<\/strong> Tesis veya i\u015fletmenin enerji t\u00fcketimi analiz edilir, verimsiz alanlar tespit edilir.<\/p><\/li><li><p><strong>Enerji Y\u00f6netim Plan\u0131:<\/strong> ISO 50001 standartlar\u0131na uygun enerji y\u00f6netim stratejileri olu\u015fturulur.<\/p><\/li><li><p><strong>Yenilenebilir Enerji Uygulamalar\u0131:<\/strong> G\u00fcne\u015f, r\u00fczgar veya biyok\u00fctle gibi enerji kaynaklar\u0131n\u0131n entegrasyonu sa\u011flan\u0131r.<\/p><\/li><li><p><strong>Devlet Te\u015fvikleri ve Hibe Dan\u0131\u015fmanl\u0131\u011f\u0131:<\/strong> Enerji projeleri i\u00e7in uygun destek programlar\u0131n\u0131n belirlenmesi ve ba\u015fvuru s\u00fcre\u00e7lerinin y\u00fcr\u00fct\u00fclmesi.<\/p><\/li><\/ul><\/li><\/ul><\/li><li><p><strong>AR-GE Merkezi Olu\u015fturma Dan\u0131\u015fmanl\u0131\u011f\u0131<\/strong><\/p><ul><li><p><strong>Ama\u00e7:<\/strong> \u0130\u015fletmelerin yenilik\u00e7i fikirler geli\u015ftirebilece\u011fi bir AR-GE altyap\u0131s\u0131 kurmak ve bu merkezi y\u00f6netmek.<\/p><\/li><li><p><strong>Hizmetler:<\/strong><\/p><ul><li><p><strong>AR-GE Altyap\u0131s\u0131 Planlama:<\/strong> Teknolojik ihtiya\u00e7lar\u0131n belirlenmesi ve gerekli ekipmanlar\u0131n temini.<\/p><\/li><li><p><strong>\u0130nsan Kayna\u011f\u0131 Y\u00f6netimi:<\/strong> AR-GE ekibi i\u00e7in personel se\u00e7imi ve e\u011fitim programlar\u0131n\u0131n d\u00fczenlenmesi.<\/p><\/li><li><p><strong>Proje Geli\u015ftirme ve Y\u00f6netim:<\/strong> Yenilik\u00e7i fikirlerin ticarile\u015ftirilmesi i\u00e7in AR-GE projelerinin olu\u015fturulmas\u0131 ve y\u00fcr\u00fct\u00fclmesi.<\/p><\/li><li><p><strong>Yasal ve Mali S\u00fcre\u00e7ler:<\/strong> AR-GE merkezi te\u015fvik ve muafiyetlerinden yararlanma s\u00fcre\u00e7lerinin y\u00f6netimi.<\/p><\/li><\/ul><\/li><\/ul><\/li><li><p><strong>Tar\u0131m ve Hayvanc\u0131l\u0131k Dan\u0131\u015fmanl\u0131\u011f\u0131<\/strong><\/p><ul><li><p><strong>Ama\u00e7:<\/strong> Tar\u0131m ve hayvanc\u0131l\u0131k sekt\u00f6r\u00fcnde verimlili\u011fi art\u0131rmak, modern tekniklerle s\u00fcrd\u00fcr\u00fclebilir \u00fcretim sa\u011flamak.<\/p><\/li><li><p><strong>Hizmetler:<\/strong><\/p><ul><li><p><strong>\u00dcretim Planlama:<\/strong> Bitki ve hayvan \u00fcretimi i\u00e7in y\u0131ll\u0131k planlar\u0131n haz\u0131rlanmas\u0131.<\/p><\/li><li><p><strong>Teknolojik Uygulamalar:<\/strong> Ak\u0131ll\u0131 tar\u0131m sistemleri ve hayvan takip yaz\u0131l\u0131mlar\u0131n\u0131n entegrasyonu.<\/p><\/li><li><p><strong>Besleme ve Verimlilik:<\/strong> Hayvan besleme programlar\u0131n\u0131n olu\u015fturulmas\u0131, toprak ve bitki analizleri ile do\u011fru g\u00fcbreleme yap\u0131lmas\u0131.<\/p><\/li><li><p><strong>Pazar Dan\u0131\u015fmanl\u0131\u011f\u0131:<\/strong> \u00dcr\u00fcnlerin sat\u0131\u015f stratejileri ve pazarlama faaliyetlerinin y\u00f6netimi.<\/p><\/li><\/ul><\/li><\/ul><\/li><li><p><strong>TKDK Destek Dan\u0131\u015fmanl\u0131\u011f\u0131 (Tar\u0131m ve K\u0131rsal Kalk\u0131nmay\u0131 Destekleme Kurumu)<\/strong><\/p><ul><li><p><strong>Ama\u00e7:<\/strong> IPARD Program\u0131 \u00e7er\u00e7evesinde tar\u0131m, hayvanc\u0131l\u0131k, k\u0131rsal turizm ve g\u0131da sanayi projeleri i\u00e7in hibe ve te\u015fviklerden faydalanmak.<\/p><\/li><li><p><strong>Hizmetler:<\/strong><\/p><ul><li><p><strong>Proje Geli\u015ftirme:<\/strong> Tar\u0131m ve k\u0131rsal kalk\u0131nma projelerinin planlanmas\u0131 ve yaz\u0131m\u0131.<\/p><\/li><li><p><strong>Ba\u015fvuru S\u00fcreci Y\u00f6netimi:<\/strong> TKDK ba\u015fvuru formlar\u0131n\u0131n doldurulmas\u0131 ve gerekli belgelerin haz\u0131rlanmas\u0131.<\/p><\/li><li><p><strong>Teknik Destek:<\/strong> Proje i\u00e7in fizibilite raporlar\u0131n\u0131n haz\u0131rlanmas\u0131.<\/p><\/li><li><p><strong>Proje Takibi:<\/strong> Onaylanan projelerin uygulama s\u00fcrecinin takibi ve raporlanmas\u0131.<\/p><\/li><\/ul><\/li><\/ul><\/li><li><p><strong>KOSGEB Destek Dan\u0131\u015fmanl\u0131\u011f\u0131<\/strong><\/p><ul><li><p><strong>Ama\u00e7:<\/strong> K\u00fc\u00e7\u00fck ve Orta \u00d6l\u00e7ekli \u0130\u015fletmeler (KOB\u0130) i\u00e7in hibe ve te\u015fvik programlar\u0131ndan yararlanmak.<\/p><\/li><li><p><strong>Hizmetler:<\/strong><\/p><ul><li><p><strong>Proje Yaz\u0131m\u0131 ve Y\u00f6netimi:<\/strong> \u0130\u015fletme geli\u015ftirme projelerinin olu\u015fturulmas\u0131 ve KOSGEB&#8217;e sunulmas\u0131.<\/p><\/li><li><p><strong>E\u011fitim ve Geli\u015fim Programlar\u0131:<\/strong> KOSGEB destekli e\u011fitim ve dan\u0131\u015fmanl\u0131k s\u00fcre\u00e7lerinin y\u00fcr\u00fct\u00fclmesi.<\/p><\/li><li><p><strong>Yenilik ve Teknoloji Destekleri:<\/strong> \u0130novasyon ve dijital d\u00f6n\u00fc\u015f\u00fcm projelerine uygun destek programlar\u0131n\u0131n belirlenmesi.<\/p><\/li><li><p><strong>Destek S\u00fcreci Takibi:<\/strong> Onaylanan projelerin KOSGEB ile koordinasyon i\u00e7inde y\u00fcr\u00fct\u00fclmesi.<\/p><\/li><\/ul><\/li><\/ul><\/li><li><p><strong>T\u00dcB\u0130TAK Destek Dan\u0131\u015fmanl\u0131\u011f\u0131<\/strong><\/p><ul><li><p><strong>Ama\u00e7:<\/strong> Ara\u015ft\u0131rma ve geli\u015ftirme projeleri i\u00e7in T\u00dcB\u0130TAK taraf\u0131ndan sa\u011flanan fonlardan yararlanmak.<\/p><\/li><li><p><strong>Hizmetler:<\/strong><\/p><ul><li><p><strong>Hibe Programlar\u0131 Analizi:<\/strong> T\u00dcB\u0130TAK\u2019\u0131n sa\u011flad\u0131\u011f\u0131 uygun destek programlar\u0131n\u0131n belirlenmesi.<\/p><\/li><li><p><strong>Proje Yaz\u0131m\u0131:<\/strong> AR-GE ve inovasyon projelerinin haz\u0131rlanmas\u0131 ve ba\u015fvuru s\u00fcre\u00e7lerinin y\u00f6netilmesi.<\/p><\/li><li><p><strong>Fon Takibi ve Raporlama:<\/strong> Destek al\u0131nan projelerin izlenmesi, b\u00fct\u00e7e y\u00f6netimi ve ilerleme raporlar\u0131n\u0131n haz\u0131rlanmas\u0131.<\/p><\/li><li><p><strong>E\u011fitim ve Seminerler:<\/strong> T\u00dcB\u0130TAK destek programlar\u0131na y\u00f6nelik bilgilendirme ve proje yazma e\u011fitimleri.<\/p><\/li><\/ul><\/li><\/ul><\/li><\/ol>\t\t\t\t\t\t\t\t<\/div>\n\t\t\t\t<\/div>\n\t\t\t\t\t<\/div>\n\t\t\t\t<\/div>\n\t\t<div class=\"elementor-element elementor-element-34c6708 e-flex e-con-boxed e-con e-parent\" data-id=\"34c6708\" data-element_type=\"container\" data-e-type=\"container\">\n\t\t\t\t\t<div class=\"e-con-inner\">\n\t\t\t\t\t<\/div>\n\t\t\t\t<\/div>\n\t\t\t\t<\/div>\n\t\t","protected":false},"excerpt":{"rendered":"<p>Dan\u0131\u015fmanl\u0131k Hizmetleri Enerji Y\u00f6neticili\u011fi ve Dan\u0131\u015fmanl\u0131k Hizmeti Ama\u00e7: Enerji tasarrufu sa\u011flamak, maliyetleri d\u00fc\u015f\u00fcrmek ve s\u00fcrd\u00fcr\u00fclebilir enerji kullan\u0131m\u0131n\u0131 te\u015fvik etmek. Hizmetler: Enerji Verimlili\u011fi Analizi: Tesis veya i\u015fletmenin enerji t\u00fcketimi analiz edilir, verimsiz alanlar tespit edilir. Enerji Y\u00f6netim Plan\u0131: ISO 50001 standartlar\u0131na uygun enerji y\u00f6netim stratejileri olu\u015fturulur. Yenilenebilir Enerji Uygulamalar\u0131: G\u00fcne\u015f, r\u00fczgar veya biyok\u00fctle gibi enerji kaynaklar\u0131n\u0131n [&hellip;]<\/p>\n","protected":false},"author":1,"featured_media":0,"parent":0,"menu_order":0,"comment_status":"closed","ping_status":"closed","template":"","meta":{"_monsterinsights_skip_tracking":false,"_monsterinsights_sitenote_active":false,"_monsterinsights_sitenote_note":"","_monsterinsights_sitenote_category":0,"footnotes":""},"class_list":["post-358","page","type-page","status-publish","hentry"],"aioseo_notices":[],"_links":{"self":[{"href":"https:\/\/istevl.com\/index.php?rest_route=\/wp\/v2\/pages\/358","targetHints":{"allow":["GET"]}}],"collection":[{"href":"https:\/\/istevl.com\/index.php?rest_route=\/wp\/v2\/pages"}],"about":[{"href":"https:\/\/istevl.com\/index.php?rest_route=\/wp\/v2\/types\/page"}],"author":[{"embeddable":true,"href":"https:\/\/istevl.com\/index.php?rest_route=\/wp\/v2\/users\/1"}],"replies":[{"embeddable":true,"href":"https:\/\/istevl.com\/index.php?rest_route=%2Fwp%2Fv2%2Fcomments&post=358"}],"version-history":[{"count":16,"href":"https:\/\/istevl.com\/index.php?rest_route=\/wp\/v2\/pages\/358\/revisions"}],"predecessor-version":[{"id":1260,"href":"https:\/\/istevl.com\/index.php?rest_route=\/wp\/v2\/pages\/358\/revisions\/1260"}],"wp:attachment":[{"href":"https:\/\/istevl.com\/index.php?rest_route=%2Fwp%2Fv2%2Fmedia&parent=358"}],"curies":[{"name":"wp","href":"https:\/\/api.w.org\/{rel}","templated":true}]}}