{"id":305,"date":"2024-12-09T13:51:17","date_gmt":"2024-12-09T10:51:17","guid":{"rendered":"https:\/\/istevl.com\/?page_id=305"},"modified":"2025-01-07T21:36:55","modified_gmt":"2025-01-07T18:36:55","slug":"proje-ve-taahhut","status":"publish","type":"page","link":"https:\/\/istevl.com\/?page_id=305","title":{"rendered":"Proje ve Taahh\u00fct"},"content":{"rendered":"\t\t<div data-elementor-type=\"wp-page\" data-elementor-id=\"305\" class=\"elementor elementor-305\">\n\t\t\t\t<div class=\"elementor-element elementor-element-36b5675 e-flex e-con-boxed e-con e-parent\" data-id=\"36b5675\" data-element_type=\"container\" data-e-type=\"container\">\n\t\t\t\t\t<div class=\"e-con-inner\">\n\t\t\t\t\t<\/div>\n\t\t\t\t<\/div>\n\t\t<div class=\"elementor-element elementor-element-c034680 e-flex e-con-boxed e-con e-parent\" data-id=\"c034680\" data-element_type=\"container\" data-e-type=\"container\">\n\t\t\t\t\t<div class=\"e-con-inner\">\n\t\t<div class=\"elementor-element elementor-element-349b5f8 e-con-full e-flex e-con e-child\" data-id=\"349b5f8\" data-element_type=\"container\" data-e-type=\"container\">\n\t\t\t\t<div class=\"elementor-element elementor-element-ba66d2f elementor-widget elementor-widget-text-editor\" data-id=\"ba66d2f\" data-element_type=\"widget\" data-e-type=\"widget\" data-widget_type=\"text-editor.default\">\n\t\t\t\t<div class=\"elementor-widget-container\">\n\t\t\t\t\t\t\t\t\t<p>Proje ve taahh\u00fct hizmetlerimizde, projenin t\u00fcm a\u015famalar\u0131n\u0131 ba\u015ftan sona kadar ele al\u0131r ve m\u00fc\u015fteri ihtiya\u00e7lar\u0131na uygun, zaman\u0131nda ve b\u00fct\u00e7eye uygun bir \u015fekilde sonu\u00e7land\u0131r\u0131lmas\u0131n\u0131 sa\u011flar\u0131z. Bu hizmetler firmam\u0131z a\u00e7\u0131s\u0131ndan, m\u00fchendislik ve in\u015faat alanlar\u0131nda y\u00fcksek kalite, g\u00fcvenilirlik ve s\u00fcrd\u00fcr\u00fclebilirlik hedeflerine ula\u015fmak i\u00e7in kritik \u00f6neme sahiptir.<\/p><p style=\"line-height: 115%;\"><span lang=\"TR\">\u00a0 \u00a0 \u00a0 \u00a0\u00a0<\/span><\/p>\t\t\t\t\t\t\t\t<\/div>\n\t\t\t\t<\/div>\n\t\t\t\t<\/div>\n\t\t\t\t\t<\/div>\n\t\t\t\t<\/div>\n\t\t<div class=\"elementor-element elementor-element-96ca25c e-flex e-con-boxed e-con e-parent\" data-id=\"96ca25c\" data-element_type=\"container\" data-e-type=\"container\">\n\t\t\t\t\t<div class=\"e-con-inner\">\n\t\t\t\t<div class=\"elementor-element elementor-element-b5cf11b elementor-widget elementor-widget-image\" data-id=\"b5cf11b\" data-element_type=\"widget\" data-e-type=\"widget\" data-widget_type=\"image.default\">\n\t\t\t\t<div class=\"elementor-widget-container\">\n\t\t\t\t\t\t\t\t\t\t\t\t\t\t\t<img fetchpriority=\"high\" decoding=\"async\" width=\"1687\" height=\"1080\" src=\"https:\/\/istevl.com\/wp-content\/uploads\/2024\/12\/green-jobs-scaled-1.jpg\" class=\"attachment-full size-full wp-image-446\" alt=\"\" srcset=\"https:\/\/istevl.com\/wp-content\/uploads\/2024\/12\/green-jobs-scaled-1.jpg 1687w, https:\/\/istevl.com\/wp-content\/uploads\/2024\/12\/green-jobs-scaled-1-300x192.jpg 300w, https:\/\/istevl.com\/wp-content\/uploads\/2024\/12\/green-jobs-scaled-1-1024x656.jpg 1024w, https:\/\/istevl.com\/wp-content\/uploads\/2024\/12\/green-jobs-scaled-1-768x492.jpg 768w, https:\/\/istevl.com\/wp-content\/uploads\/2024\/12\/green-jobs-scaled-1-1536x983.jpg 1536w\" sizes=\"(max-width: 1687px) 100vw, 1687px\" \/>\t\t\t\t\t\t\t\t\t\t\t\t\t\t\t<\/div>\n\t\t\t\t<\/div>\n\t\t\t\t\t<\/div>\n\t\t\t\t<\/div>\n\t\t<div class=\"elementor-element elementor-element-ba690d9 e-flex e-con-boxed e-con e-parent\" data-id=\"ba690d9\" data-element_type=\"container\" data-e-type=\"container\">\n\t\t\t\t\t<div class=\"e-con-inner\">\n\t\t\t\t<div class=\"elementor-element elementor-element-bfbe7d3 elementor-widget elementor-widget-text-editor\" data-id=\"bfbe7d3\" data-element_type=\"widget\" data-e-type=\"widget\" data-widget_type=\"text-editor.default\">\n\t\t\t\t<div class=\"elementor-widget-container\">\n\t\t\t\t\t\t\t\t\t<p style=\"line-height: 115%;\"><span lang=\"TR\">Proje ve taahh\u00fct hizmetlerimizde ger\u00e7ekle\u015ftirdi\u011fimiz i\u015flemler;<\/span><\/p><p>1. <strong>Proje Y\u00f6netimi<\/strong><\/p><ul><li><p>Planlama<\/p><\/li><li><p>Zaman Y\u00f6netimi<\/p><\/li><li><p>Maliyet Y\u00f6netimi<\/p><\/li><li><p>Kalite Y\u00f6netimi<\/p><\/li><\/ul><p>2. <strong>M\u00fchendislik ve Tasar\u0131m Hizmetleri<\/strong><\/p><ul><li><p>Teknik \u00c7izimler ve Planlar<\/p><\/li><li><p>Hedef Belirleme ve Analiz<\/p><\/li><li><p>M\u00fchendislik \u00c7\u00f6z\u00fcmleri<\/p><\/li><\/ul><p><strong>3. Altyap\u0131 ve Montaj<\/strong><\/p><ul><li><p>\u0130n\u015faat S\u00fcreci<\/p><\/li><li><p>Montaj ve Kurulum<\/p><\/li><li><p>\u0130\u015f G\u00fcvenli\u011fi ve Y\u00f6netimi<\/p><\/li><\/ul><p>4. <strong>Malzeme ve Ekipman Temini<\/strong><\/p><ul><li><p>Sat\u0131n Alma ve Lojistik<\/p><\/li><li><p>Stok Y\u00f6netimi<\/p><\/li><\/ul><p>5. <strong>Test ve Devreye Alma<\/strong><\/p><ul><li><p>Sistem Testleri<\/p><\/li><li><p>Devreye Alma<\/p><\/li><\/ul><p>6. <strong>Bak\u0131m ve Destek Hizmetleri<\/strong><\/p><ul><li><p>Periyodik Bak\u0131m<\/p><\/li><li><p>Teknik Destek<\/p><\/li><\/ul><p>7. <strong>Dok\u00fcmantasyon ve Raporlama<\/strong><\/p><ul><li><p>Proje Belgeleri<\/p><\/li><li><p>Raporlama<\/p><\/li><\/ul>\t\t\t\t\t\t\t\t<\/div>\n\t\t\t\t<\/div>\n\t\t\t\t\t<\/div>\n\t\t\t\t<\/div>\n\t\t<div class=\"elementor-element elementor-element-3312fdf e-flex e-con-boxed e-con e-parent\" data-id=\"3312fdf\" data-element_type=\"container\" data-e-type=\"container\">\n\t\t\t\t\t<div class=\"e-con-inner\">\n\t\t\t\t\t<\/div>\n\t\t\t\t<\/div>\n\t\t\t\t<\/div>\n\t\t","protected":false},"excerpt":{"rendered":"<p>Proje ve taahh\u00fct hizmetlerimizde, projenin t\u00fcm a\u015famalar\u0131n\u0131 ba\u015ftan sona kadar ele al\u0131r ve m\u00fc\u015fteri ihtiya\u00e7lar\u0131na uygun, zaman\u0131nda ve b\u00fct\u00e7eye uygun bir \u015fekilde sonu\u00e7land\u0131r\u0131lmas\u0131n\u0131 sa\u011flar\u0131z. Bu hizmetler firmam\u0131z a\u00e7\u0131s\u0131ndan, m\u00fchendislik ve in\u015faat alanlar\u0131nda y\u00fcksek kalite, g\u00fcvenilirlik ve s\u00fcrd\u00fcr\u00fclebilirlik hedeflerine ula\u015fmak i\u00e7in kritik \u00f6neme sahiptir. \u00a0 \u00a0 \u00a0 \u00a0\u00a0 Proje ve taahh\u00fct hizmetlerimizde ger\u00e7ekle\u015ftirdi\u011fimiz i\u015flemler; 1. Proje [&hellip;]<\/p>\n","protected":false},"author":1,"featured_media":0,"parent":0,"menu_order":0,"comment_status":"closed","ping_status":"closed","template":"","meta":{"_monsterinsights_skip_tracking":false,"_monsterinsights_sitenote_active":false,"_monsterinsights_sitenote_note":"","_monsterinsights_sitenote_category":0,"footnotes":""},"class_list":["post-305","page","type-page","status-publish","hentry"],"aioseo_notices":[],"_links":{"self":[{"href":"https:\/\/istevl.com\/index.php?rest_route=\/wp\/v2\/pages\/305","targetHints":{"allow":["GET"]}}],"collection":[{"href":"https:\/\/istevl.com\/index.php?rest_route=\/wp\/v2\/pages"}],"about":[{"href":"https:\/\/istevl.com\/index.php?rest_route=\/wp\/v2\/types\/page"}],"author":[{"embeddable":true,"href":"https:\/\/istevl.com\/index.php?rest_route=\/wp\/v2\/users\/1"}],"replies":[{"embeddable":true,"href":"https:\/\/istevl.com\/index.php?rest_route=%2Fwp%2Fv2%2Fcomments&post=305"}],"version-history":[{"count":25,"href":"https:\/\/istevl.com\/index.php?rest_route=\/wp\/v2\/pages\/305\/revisions"}],"predecessor-version":[{"id":1353,"href":"https:\/\/istevl.com\/index.php?rest_route=\/wp\/v2\/pages\/305\/revisions\/1353"}],"wp:attachment":[{"href":"https:\/\/istevl.com\/index.php?rest_route=%2Fwp%2Fv2%2Fmedia&parent=305"}],"curies":[{"name":"wp","href":"https:\/\/api.w.org\/{rel}","templated":true}]}}