{"id":240,"date":"2024-12-06T12:04:14","date_gmt":"2024-12-06T09:04:14","guid":{"rendered":"https:\/\/istevl.com\/?page_id=240"},"modified":"2025-01-07T21:45:28","modified_gmt":"2025-01-07T18:45:28","slug":"yesil-hidrojen-uretimi","status":"publish","type":"page","link":"https:\/\/istevl.com\/?page_id=240","title":{"rendered":"Ye\u015fil Hidrojen \u00dcretimi"},"content":{"rendered":"\t\t<div data-elementor-type=\"wp-page\" data-elementor-id=\"240\" class=\"elementor elementor-240\">\n\t\t\t\t<div class=\"elementor-element elementor-element-4d632fb e-flex e-con-boxed e-con e-parent\" data-id=\"4d632fb\" data-element_type=\"container\" data-e-type=\"container\">\n\t\t\t\t\t<div class=\"e-con-inner\">\n\t\t\t\t\t<\/div>\n\t\t\t\t<\/div>\n\t\t<div class=\"elementor-element elementor-element-033920f e-flex e-con-boxed e-con e-parent\" data-id=\"033920f\" data-element_type=\"container\" data-e-type=\"container\">\n\t\t\t\t\t<div class=\"e-con-inner\">\n\t\t<div class=\"elementor-element elementor-element-8ef7718 e-con-full e-flex e-con e-child\" data-id=\"8ef7718\" data-element_type=\"container\" data-e-type=\"container\">\n\t\t\t\t<div class=\"elementor-element elementor-element-1ffc637 elementor-widget elementor-widget-image\" data-id=\"1ffc637\" data-element_type=\"widget\" data-e-type=\"widget\" data-widget_type=\"image.default\">\n\t\t\t\t<div class=\"elementor-widget-container\">\n\t\t\t\t\t\t\t\t\t\t\t\t\t\t\t<img fetchpriority=\"high\" decoding=\"async\" width=\"800\" height=\"457\" src=\"https:\/\/istevl.com\/wp-content\/uploads\/2024\/12\/ImageForArticle_23867_17247544823446082-1024x585.webp\" class=\"attachment-large size-large wp-image-301\" alt=\"\" srcset=\"https:\/\/istevl.com\/wp-content\/uploads\/2024\/12\/ImageForArticle_23867_17247544823446082-1024x585.webp 1024w, https:\/\/istevl.com\/wp-content\/uploads\/2024\/12\/ImageForArticle_23867_17247544823446082-300x171.webp 300w, https:\/\/istevl.com\/wp-content\/uploads\/2024\/12\/ImageForArticle_23867_17247544823446082-768x439.webp 768w, https:\/\/istevl.com\/wp-content\/uploads\/2024\/12\/ImageForArticle_23867_17247544823446082-1536x878.webp 1536w, https:\/\/istevl.com\/wp-content\/uploads\/2024\/12\/ImageForArticle_23867_17247544823446082.webp 2000w\" sizes=\"(max-width: 800px) 100vw, 800px\" \/>\t\t\t\t\t\t\t\t\t\t\t\t\t\t\t<\/div>\n\t\t\t\t<\/div>\n\t\t\t\t<\/div>\n\t\t<div class=\"elementor-element elementor-element-1b07492 e-con-full e-flex e-con e-child\" data-id=\"1b07492\" data-element_type=\"container\" data-e-type=\"container\">\n\t\t\t\t<div class=\"elementor-element elementor-element-7b3e9b7 elementor-widget elementor-widget-text-editor\" data-id=\"7b3e9b7\" data-element_type=\"widget\" data-e-type=\"widget\" data-widget_type=\"text-editor.default\">\n\t\t\t\t<div class=\"elementor-widget-container\">\n\t\t\t\t\t\t\t\t\t<p>Ye\u015fil hidrojen, yenilenebilir enerji kaynaklar\u0131 kullan\u0131larak sudan elde edilen \u00e7evre dostu bir hidrojen t\u00fcr\u00fcd\u00fcr. Bu s\u00fcre\u00e7te, elektroliz y\u00f6ntemiyle su (H\u2082O), g\u00fcne\u015f veya r\u00fczg\u00e2r enerjisiyle \u00e7al\u0131\u015fan cihazlarla hidrojen (H\u2082) ve oksijene (O\u2082) ayr\u0131\u015ft\u0131r\u0131l\u0131r.<\/p><p>Fosil yak\u0131tlardan ba\u011f\u0131ms\u0131z olarak \u00fcretilen ye\u015fil hidrojen, karbon emisyonu olu\u015fturmad\u0131\u011f\u0131 i\u00e7in s\u00fcrd\u00fcr\u00fclebilir bir enerji \u00e7\u00f6z\u00fcm\u00fc sunar. Ula\u015f\u0131m, sanayi ve enerji depolama gibi alanlarda kullan\u0131labilir ve enerji ge\u00e7i\u015finde \u00f6nemli bir rol oynar.<\/p>\t\t\t\t\t\t\t\t<\/div>\n\t\t\t\t<\/div>\n\t\t\t\t<\/div>\n\t\t\t\t\t<\/div>\n\t\t\t\t<\/div>\n\t\t<div class=\"elementor-element elementor-element-fce544e e-flex e-con-boxed e-con e-parent\" data-id=\"fce544e\" data-element_type=\"container\" data-e-type=\"container\">\n\t\t\t\t\t<div class=\"e-con-inner\">\n\t\t\t\t\t<\/div>\n\t\t\t\t<\/div>\n\t\t<div class=\"elementor-element elementor-element-8107a05 e-con-full e-flex e-con e-parent\" data-id=\"8107a05\" data-element_type=\"container\" data-e-type=\"container\">\n\t\t\t\t<div class=\"elementor-element elementor-element-2db0177 elementor-widget elementor-widget-image\" data-id=\"2db0177\" data-element_type=\"widget\" data-e-type=\"widget\" data-widget_type=\"image.default\">\n\t\t\t\t<div class=\"elementor-widget-container\">\n\t\t\t\t\t\t\t\t\t\t\t\t\t\t\t<img decoding=\"async\" width=\"717\" height=\"720\" src=\"https:\/\/istevl.com\/wp-content\/uploads\/2024\/12\/1702814836963.jpg\" class=\"attachment-full size-full wp-image-300\" alt=\"\" srcset=\"https:\/\/istevl.com\/wp-content\/uploads\/2024\/12\/1702814836963.jpg 717w, https:\/\/istevl.com\/wp-content\/uploads\/2024\/12\/1702814836963-300x300.jpg 300w, https:\/\/istevl.com\/wp-content\/uploads\/2024\/12\/1702814836963-150x150.jpg 150w\" sizes=\"(max-width: 717px) 100vw, 717px\" \/>\t\t\t\t\t\t\t\t\t\t\t\t\t\t\t<\/div>\n\t\t\t\t<\/div>\n\t\t\t\t<\/div>\n\t\t<div class=\"elementor-element elementor-element-bc5c996 e-flex e-con-boxed e-con e-parent\" data-id=\"bc5c996\" data-element_type=\"container\" data-e-type=\"container\">\n\t\t\t\t\t<div class=\"e-con-inner\">\n\t\t\t\t\t<\/div>\n\t\t\t\t<\/div>\n\t\t\t\t<\/div>\n\t\t","protected":false},"excerpt":{"rendered":"<p>Ye\u015fil hidrojen, yenilenebilir enerji kaynaklar\u0131 kullan\u0131larak sudan elde edilen \u00e7evre dostu bir hidrojen t\u00fcr\u00fcd\u00fcr. Bu s\u00fcre\u00e7te, elektroliz y\u00f6ntemiyle su (H\u2082O), g\u00fcne\u015f veya r\u00fczg\u00e2r enerjisiyle \u00e7al\u0131\u015fan cihazlarla hidrojen (H\u2082) ve oksijene (O\u2082) ayr\u0131\u015ft\u0131r\u0131l\u0131r. Fosil yak\u0131tlardan ba\u011f\u0131ms\u0131z olarak \u00fcretilen ye\u015fil hidrojen, karbon emisyonu olu\u015fturmad\u0131\u011f\u0131 i\u00e7in s\u00fcrd\u00fcr\u00fclebilir bir enerji \u00e7\u00f6z\u00fcm\u00fc sunar. Ula\u015f\u0131m, sanayi ve enerji depolama gibi alanlarda [&hellip;]<\/p>\n","protected":false},"author":1,"featured_media":0,"parent":0,"menu_order":0,"comment_status":"closed","ping_status":"closed","template":"","meta":{"_monsterinsights_skip_tracking":false,"_monsterinsights_sitenote_active":false,"_monsterinsights_sitenote_note":"","_monsterinsights_sitenote_category":0,"footnotes":""},"class_list":["post-240","page","type-page","status-publish","hentry"],"aioseo_notices":[],"_links":{"self":[{"href":"https:\/\/istevl.com\/index.php?rest_route=\/wp\/v2\/pages\/240","targetHints":{"allow":["GET"]}}],"collection":[{"href":"https:\/\/istevl.com\/index.php?rest_route=\/wp\/v2\/pages"}],"about":[{"href":"https:\/\/istevl.com\/index.php?rest_route=\/wp\/v2\/types\/page"}],"author":[{"embeddable":true,"href":"https:\/\/istevl.com\/index.php?rest_route=\/wp\/v2\/users\/1"}],"replies":[{"embeddable":true,"href":"https:\/\/istevl.com\/index.php?rest_route=%2Fwp%2Fv2%2Fcomments&post=240"}],"version-history":[{"count":25,"href":"https:\/\/istevl.com\/index.php?rest_route=\/wp\/v2\/pages\/240\/revisions"}],"predecessor-version":[{"id":1371,"href":"https:\/\/istevl.com\/index.php?rest_route=\/wp\/v2\/pages\/240\/revisions\/1371"}],"wp:attachment":[{"href":"https:\/\/istevl.com\/index.php?rest_route=%2Fwp%2Fv2%2Fmedia&parent=240"}],"curies":[{"name":"wp","href":"https:\/\/api.w.org\/{rel}","templated":true}]}}