{"id":238,"date":"2024-12-06T12:03:32","date_gmt":"2024-12-06T09:03:32","guid":{"rendered":"https:\/\/istevl.com\/?page_id=238"},"modified":"2025-01-07T20:39:53","modified_gmt":"2025-01-07T17:39:53","slug":"biokutle-biomas","status":"publish","type":"page","link":"https:\/\/istevl.com\/?page_id=238","title":{"rendered":"Biok\u00fctle (Biomas)"},"content":{"rendered":"\t\t<div data-elementor-type=\"wp-page\" data-elementor-id=\"238\" class=\"elementor elementor-238\">\n\t\t\t\t<div class=\"elementor-element elementor-element-044904b e-flex e-con-boxed e-con e-parent\" data-id=\"044904b\" data-element_type=\"container\" data-e-type=\"container\">\n\t\t\t\t\t<div class=\"e-con-inner\">\n\t\t\t\t\t<\/div>\n\t\t\t\t<\/div>\n\t\t<div class=\"elementor-element elementor-element-9f61bfe e-flex e-con-boxed e-con e-parent\" data-id=\"9f61bfe\" data-element_type=\"container\" data-e-type=\"container\">\n\t\t\t\t\t<div class=\"e-con-inner\">\n\t\t<div class=\"elementor-element elementor-element-b87f449 e-con-full e-flex e-con e-child\" data-id=\"b87f449\" data-element_type=\"container\" data-e-type=\"container\">\n\t\t\t\t<div class=\"elementor-element elementor-element-7b3368a elementor-widget elementor-widget-image\" data-id=\"7b3368a\" data-element_type=\"widget\" data-e-type=\"widget\" data-widget_type=\"image.default\">\n\t\t\t\t<div class=\"elementor-widget-container\">\n\t\t\t\t\t\t\t\t\t\t\t\t\t\t\t<img fetchpriority=\"high\" decoding=\"async\" width=\"600\" height=\"332\" src=\"https:\/\/istevl.com\/wp-content\/uploads\/2024\/12\/Used-Biomass-Power-Plants-South-Africa.jpg\" class=\"attachment-large size-large wp-image-295\" alt=\"\" srcset=\"https:\/\/istevl.com\/wp-content\/uploads\/2024\/12\/Used-Biomass-Power-Plants-South-Africa.jpg 600w, https:\/\/istevl.com\/wp-content\/uploads\/2024\/12\/Used-Biomass-Power-Plants-South-Africa-300x166.jpg 300w\" sizes=\"(max-width: 600px) 100vw, 600px\" \/>\t\t\t\t\t\t\t\t\t\t\t\t\t\t\t<\/div>\n\t\t\t\t<\/div>\n\t\t\t\t<\/div>\n\t\t<div class=\"elementor-element elementor-element-e7b1fb8 e-con-full e-flex e-con e-child\" data-id=\"e7b1fb8\" data-element_type=\"container\" data-e-type=\"container\">\n\t\t\t\t<div class=\"elementor-element elementor-element-2eddc85 elementor-widget elementor-widget-text-editor\" data-id=\"2eddc85\" data-element_type=\"widget\" data-e-type=\"widget\" data-widget_type=\"text-editor.default\">\n\t\t\t\t<div class=\"elementor-widget-container\">\n\t\t\t\t\t\t\t\t\t<p>Organik at\u0131klar ve biyolojik materyallerden enerji \u00fcreten yenilenebilir enerji sistemleridir. Bu sistemlerde odun, tar\u0131m at\u0131klar\u0131, hayvansal at\u0131klar ve g\u0131da at\u0131klar\u0131 gibi biyok\u00fctle kaynaklar\u0131 kullan\u0131larak \u0131s\u0131, elektrik veya biyoyak\u0131t elde edilir.<\/p><p>Bu sistemler, biyok\u00fctlenin yak\u0131lmas\u0131, gazla\u015ft\u0131r\u0131lmas\u0131 veya fermantasyonu gibi i\u015flemlerle enerji \u00fcretir. Karbon n\u00f6tr olarak kabul edilen biyok\u00fctle, \u00e7evre dostu bir enerji \u00e7\u00f6z\u00fcm\u00fcd\u00fcr ve at\u0131klar\u0131n geri d\u00f6n\u00fc\u015ft\u00fcr\u00fclmesine olanak sa\u011flar. \u00d6zellikle k\u0131rsal alanlarda ve k\u00fc\u00e7\u00fck \u00f6l\u00e7ekli enerji \u00fcretimi i\u00e7in etkili bir alternatiftir.<\/p>\t\t\t\t\t\t\t\t<\/div>\n\t\t\t\t<\/div>\n\t\t\t\t<\/div>\n\t\t\t\t\t<\/div>\n\t\t\t\t<\/div>\n\t\t<div class=\"elementor-element elementor-element-10f62d3 e-flex e-con-boxed e-con e-parent\" data-id=\"10f62d3\" data-element_type=\"container\" data-e-type=\"container\">\n\t\t\t\t\t<div class=\"e-con-inner\">\n\t\t\t\t\t<\/div>\n\t\t\t\t<\/div>\n\t\t\t\t<\/div>\n\t\t","protected":false},"excerpt":{"rendered":"<p>Organik at\u0131klar ve biyolojik materyallerden enerji \u00fcreten yenilenebilir enerji sistemleridir. Bu sistemlerde odun, tar\u0131m at\u0131klar\u0131, hayvansal at\u0131klar ve g\u0131da at\u0131klar\u0131 gibi biyok\u00fctle kaynaklar\u0131 kullan\u0131larak \u0131s\u0131, elektrik veya biyoyak\u0131t elde edilir. Bu sistemler, biyok\u00fctlenin yak\u0131lmas\u0131, gazla\u015ft\u0131r\u0131lmas\u0131 veya fermantasyonu gibi i\u015flemlerle enerji \u00fcretir. Karbon n\u00f6tr olarak kabul edilen biyok\u00fctle, \u00e7evre dostu bir enerji \u00e7\u00f6z\u00fcm\u00fcd\u00fcr ve at\u0131klar\u0131n geri [&hellip;]<\/p>\n","protected":false},"author":1,"featured_media":0,"parent":0,"menu_order":0,"comment_status":"closed","ping_status":"closed","template":"","meta":{"_monsterinsights_skip_tracking":false,"_monsterinsights_sitenote_active":false,"_monsterinsights_sitenote_note":"","_monsterinsights_sitenote_category":0,"footnotes":""},"class_list":["post-238","page","type-page","status-publish","hentry"],"aioseo_notices":[],"_links":{"self":[{"href":"https:\/\/istevl.com\/index.php?rest_route=\/wp\/v2\/pages\/238","targetHints":{"allow":["GET"]}}],"collection":[{"href":"https:\/\/istevl.com\/index.php?rest_route=\/wp\/v2\/pages"}],"about":[{"href":"https:\/\/istevl.com\/index.php?rest_route=\/wp\/v2\/types\/page"}],"author":[{"embeddable":true,"href":"https:\/\/istevl.com\/index.php?rest_route=\/wp\/v2\/users\/1"}],"replies":[{"embeddable":true,"href":"https:\/\/istevl.com\/index.php?rest_route=%2Fwp%2Fv2%2Fcomments&post=238"}],"version-history":[{"count":10,"href":"https:\/\/istevl.com\/index.php?rest_route=\/wp\/v2\/pages\/238\/revisions"}],"predecessor-version":[{"id":1254,"href":"https:\/\/istevl.com\/index.php?rest_route=\/wp\/v2\/pages\/238\/revisions\/1254"}],"wp:attachment":[{"href":"https:\/\/istevl.com\/index.php?rest_route=%2Fwp%2Fv2%2Fmedia&parent=238"}],"curies":[{"name":"wp","href":"https:\/\/api.w.org\/{rel}","templated":true}]}}