{"id":236,"date":"2024-12-06T12:02:57","date_gmt":"2024-12-06T09:02:57","guid":{"rendered":"https:\/\/istevl.com\/?page_id=236"},"modified":"2025-01-07T21:28:35","modified_gmt":"2025-01-07T18:28:35","slug":"hibrit-enerji-sistemleri","status":"publish","type":"page","link":"https:\/\/istevl.com\/?page_id=236","title":{"rendered":"Hibrit Enerji Sistemleri"},"content":{"rendered":"\t\t<div data-elementor-type=\"wp-page\" data-elementor-id=\"236\" class=\"elementor elementor-236\">\n\t\t\t\t<div class=\"elementor-element elementor-element-ca3f1a5 e-flex e-con-boxed e-con e-parent\" data-id=\"ca3f1a5\" data-element_type=\"container\" data-e-type=\"container\">\n\t\t\t\t\t<div class=\"e-con-inner\">\n\t\t\t\t\t<\/div>\n\t\t\t\t<\/div>\n\t\t<div class=\"elementor-element elementor-element-2b59be4 e-flex e-con-boxed e-con e-parent\" data-id=\"2b59be4\" data-element_type=\"container\" data-e-type=\"container\">\n\t\t\t\t\t<div class=\"e-con-inner\">\n\t\t<div class=\"elementor-element elementor-element-eb8c1a1 e-con-full e-flex e-con e-child\" data-id=\"eb8c1a1\" data-element_type=\"container\" data-e-type=\"container\">\n\t\t\t\t<div class=\"elementor-element elementor-element-0b31aee elementor-widget elementor-widget-image\" data-id=\"0b31aee\" data-element_type=\"widget\" data-e-type=\"widget\" data-widget_type=\"image.default\">\n\t\t\t\t<div class=\"elementor-widget-container\">\n\t\t\t\t\t\t\t\t\t\t\t\t\t\t\t<img fetchpriority=\"high\" decoding=\"async\" width=\"800\" height=\"566\" src=\"https:\/\/istevl.com\/wp-content\/uploads\/2024\/12\/images_large_10.1177_0144598720965022-fig15-1024x725.jpeg\" class=\"attachment-large size-large wp-image-290\" alt=\"\" srcset=\"https:\/\/istevl.com\/wp-content\/uploads\/2024\/12\/images_large_10.1177_0144598720965022-fig15-1024x725.jpeg 1024w, https:\/\/istevl.com\/wp-content\/uploads\/2024\/12\/images_large_10.1177_0144598720965022-fig15-300x212.jpeg 300w, https:\/\/istevl.com\/wp-content\/uploads\/2024\/12\/images_large_10.1177_0144598720965022-fig15-768x544.jpeg 768w, https:\/\/istevl.com\/wp-content\/uploads\/2024\/12\/images_large_10.1177_0144598720965022-fig15-1536x1088.jpeg 1536w, https:\/\/istevl.com\/wp-content\/uploads\/2024\/12\/images_large_10.1177_0144598720965022-fig15-2048x1450.jpeg 2048w\" sizes=\"(max-width: 800px) 100vw, 800px\" \/>\t\t\t\t\t\t\t\t\t\t\t\t\t\t\t<\/div>\n\t\t\t\t<\/div>\n\t\t\t\t<\/div>\n\t\t<div class=\"elementor-element elementor-element-e2132c4 e-con-full e-flex e-con e-child\" data-id=\"e2132c4\" data-element_type=\"container\" data-e-type=\"container\">\n\t\t\t\t<div class=\"elementor-element elementor-element-7e71d85 elementor-widget elementor-widget-text-editor\" data-id=\"7e71d85\" data-element_type=\"widget\" data-e-type=\"widget\" data-widget_type=\"text-editor.default\">\n\t\t\t\t<div class=\"elementor-widget-container\">\n\t\t\t\t\t\t\t\t\t<p>Hibrit enerji sistemleri, birden fazla enerji kayna\u011f\u0131n\u0131 birle\u015ftirerek enerji \u00fcretim ve depolama sa\u011flayan entegre sistemlerdir. Genellikle yenilenebilir kaynaklar (g\u00fcne\u015f, r\u00fczgar) ile fosil yak\u0131tl\u0131 jenerat\u00f6rler veya enerji depolama birimleri (bataryalar) bir arada kullan\u0131l\u0131r.<\/p><p>Bu sistemler, enerji s\u00fcreklili\u011fi ve verimlili\u011fi art\u0131rarak kesintisiz g\u00fc\u00e7 sa\u011flar. \u00d6rne\u011fin, g\u00fcne\u015f enerjisinin yetersiz oldu\u011fu saatlerde r\u00fczgar t\u00fcrbini veya jenerat\u00f6r devreye girebilir. \u015eebekeye ba\u011fl\u0131 veya ba\u011f\u0131ms\u0131z olarak kullan\u0131labilen hibrit sistemler, enerji maliyetlerini d\u00fc\u015f\u00fcr\u00fcrken \u00e7evresel etkileri minimize etmeyi hedefler.<\/p>\t\t\t\t\t\t\t\t<\/div>\n\t\t\t\t<\/div>\n\t\t\t\t<\/div>\n\t\t\t\t\t<\/div>\n\t\t\t\t<\/div>\n\t\t<div class=\"elementor-element elementor-element-a6c90cb e-flex e-con-boxed e-con e-parent\" data-id=\"a6c90cb\" data-element_type=\"container\" data-e-type=\"container\">\n\t\t\t\t\t<div class=\"e-con-inner\">\n\t\t\t\t\t<\/div>\n\t\t\t\t<\/div>\n\t\t\t\t<\/div>\n\t\t","protected":false},"excerpt":{"rendered":"<p>Hibrit enerji sistemleri, birden fazla enerji kayna\u011f\u0131n\u0131 birle\u015ftirerek enerji \u00fcretim ve depolama sa\u011flayan entegre sistemlerdir. Genellikle yenilenebilir kaynaklar (g\u00fcne\u015f, r\u00fczgar) ile fosil yak\u0131tl\u0131 jenerat\u00f6rler veya enerji depolama birimleri (bataryalar) bir arada kullan\u0131l\u0131r. Bu sistemler, enerji s\u00fcreklili\u011fi ve verimlili\u011fi art\u0131rarak kesintisiz g\u00fc\u00e7 sa\u011flar. \u00d6rne\u011fin, g\u00fcne\u015f enerjisinin yetersiz oldu\u011fu saatlerde r\u00fczgar t\u00fcrbini veya jenerat\u00f6r devreye girebilir. \u015eebekeye [&hellip;]<\/p>\n","protected":false},"author":1,"featured_media":0,"parent":0,"menu_order":0,"comment_status":"closed","ping_status":"closed","template":"","meta":{"_monsterinsights_skip_tracking":false,"_monsterinsights_sitenote_active":false,"_monsterinsights_sitenote_note":"","_monsterinsights_sitenote_category":0,"footnotes":""},"class_list":["post-236","page","type-page","status-publish","hentry"],"aioseo_notices":[],"_links":{"self":[{"href":"https:\/\/istevl.com\/index.php?rest_route=\/wp\/v2\/pages\/236","targetHints":{"allow":["GET"]}}],"collection":[{"href":"https:\/\/istevl.com\/index.php?rest_route=\/wp\/v2\/pages"}],"about":[{"href":"https:\/\/istevl.com\/index.php?rest_route=\/wp\/v2\/types\/page"}],"author":[{"embeddable":true,"href":"https:\/\/istevl.com\/index.php?rest_route=\/wp\/v2\/users\/1"}],"replies":[{"embeddable":true,"href":"https:\/\/istevl.com\/index.php?rest_route=%2Fwp%2Fv2%2Fcomments&post=236"}],"version-history":[{"count":16,"href":"https:\/\/istevl.com\/index.php?rest_route=\/wp\/v2\/pages\/236\/revisions"}],"predecessor-version":[{"id":1344,"href":"https:\/\/istevl.com\/index.php?rest_route=\/wp\/v2\/pages\/236\/revisions\/1344"}],"wp:attachment":[{"href":"https:\/\/istevl.com\/index.php?rest_route=%2Fwp%2Fv2%2Fmedia&parent=236"}],"curies":[{"name":"wp","href":"https:\/\/api.w.org\/{rel}","templated":true}]}}