{"id":232,"date":"2024-12-06T12:01:32","date_gmt":"2024-12-06T09:01:32","guid":{"rendered":"https:\/\/istevl.com\/?page_id=232"},"modified":"2025-01-07T20:46:24","modified_gmt":"2025-01-07T17:46:24","slug":"depolama-sistemleri","status":"publish","type":"page","link":"https:\/\/istevl.com\/?page_id=232","title":{"rendered":"Depolama Sistemleri"},"content":{"rendered":"\t\t<div data-elementor-type=\"wp-page\" data-elementor-id=\"232\" class=\"elementor elementor-232\">\n\t\t\t\t<div class=\"elementor-element elementor-element-7bd07a5 e-flex e-con-boxed e-con e-parent\" data-id=\"7bd07a5\" data-element_type=\"container\" data-e-type=\"container\">\n\t\t\t\t\t<div class=\"e-con-inner\">\n\t\t\t\t\t<\/div>\n\t\t\t\t<\/div>\n\t\t<div class=\"elementor-element elementor-element-b0935d4 e-flex e-con-boxed e-con e-parent\" data-id=\"b0935d4\" data-element_type=\"container\" data-e-type=\"container\">\n\t\t\t\t\t<div class=\"e-con-inner\">\n\t\t<div class=\"elementor-element elementor-element-7721a77 e-con-full e-flex e-con e-child\" data-id=\"7721a77\" data-element_type=\"container\" data-e-type=\"container\">\n\t\t\t\t<div class=\"elementor-element elementor-element-e9cb017 elementor-widget elementor-widget-image\" data-id=\"e9cb017\" data-element_type=\"widget\" data-e-type=\"widget\" data-widget_type=\"image.default\">\n\t\t\t\t<div class=\"elementor-widget-container\">\n\t\t\t\t\t\t\t\t\t\t\t\t\t\t\t<img fetchpriority=\"high\" decoding=\"async\" width=\"2560\" height=\"1100\" src=\"https:\/\/istevl.com\/wp-content\/uploads\/2024\/12\/energy-storage-market-applications-ess-factory-audits-2560x1100-1.webp\" class=\"attachment-full size-full wp-image-279\" alt=\"\" srcset=\"https:\/\/istevl.com\/wp-content\/uploads\/2024\/12\/energy-storage-market-applications-ess-factory-audits-2560x1100-1.webp 2560w, https:\/\/istevl.com\/wp-content\/uploads\/2024\/12\/energy-storage-market-applications-ess-factory-audits-2560x1100-1-300x129.webp 300w, https:\/\/istevl.com\/wp-content\/uploads\/2024\/12\/energy-storage-market-applications-ess-factory-audits-2560x1100-1-1024x440.webp 1024w, https:\/\/istevl.com\/wp-content\/uploads\/2024\/12\/energy-storage-market-applications-ess-factory-audits-2560x1100-1-768x330.webp 768w, https:\/\/istevl.com\/wp-content\/uploads\/2024\/12\/energy-storage-market-applications-ess-factory-audits-2560x1100-1-1536x660.webp 1536w, https:\/\/istevl.com\/wp-content\/uploads\/2024\/12\/energy-storage-market-applications-ess-factory-audits-2560x1100-1-2048x880.webp 2048w\" sizes=\"(max-width: 2560px) 100vw, 2560px\" \/>\t\t\t\t\t\t\t\t\t\t\t\t\t\t\t<\/div>\n\t\t\t\t<\/div>\n\t\t\t\t<\/div>\n\t\t<div class=\"elementor-element elementor-element-35bf3de e-con-full e-flex e-con e-child\" data-id=\"35bf3de\" data-element_type=\"container\" data-e-type=\"container\">\n\t\t\t\t<div class=\"elementor-element elementor-element-4407e07 elementor-widget elementor-widget-text-editor\" data-id=\"4407e07\" data-element_type=\"widget\" data-e-type=\"widget\" data-widget_type=\"text-editor.default\">\n\t\t\t\t<div class=\"elementor-widget-container\">\n\t\t\t\t\t\t\t\t\t<p>Yenilenebilir enerji depolama (bataryal\u0131) sistemleri, g\u00fcne\u015f ve r\u00fczgar gibi kesintili enerji kaynaklar\u0131ndan \u00fcretilen elektri\u011fi depolayarak enerji arz\u0131n\u0131 s\u00fcreklile\u015ftirir. Bu sistemlerde lityum-iyon, kur\u015fun-asit, Ni-Cd (Nikel-Kadmiyum) ak\u00fcler veya ak\u0131\u015f tipi bataryalar gibi enerji depolama birimleri kullan\u0131l\u0131r.<\/p><p>Bataryal\u0131 depolama sistemleri, enerji fazlas\u0131n\u0131 saklar ve talep artt\u0131\u011f\u0131nda ya da enerji kayna\u011f\u0131 aktif olmad\u0131\u011f\u0131nda (\u00f6rne\u011fin gece saatlerinde) kullan\u0131lmas\u0131n\u0131 sa\u011flar. \u015eebeke d\u0131\u015f\u0131 sistemlerde hayati \u00f6nem ta\u015f\u0131rken, \u015febeke ba\u011flant\u0131l\u0131 sistemlerde enerji dengesini ve g\u00fcvenilirli\u011fini art\u0131r\u0131r. Ayr\u0131ca, yenilenebilir enerjinin kesintisiz entegrasyonunu destekleyerek enerji ba\u011f\u0131ms\u0131zl\u0131\u011f\u0131na katk\u0131da bulunur.<\/p>\t\t\t\t\t\t\t\t<\/div>\n\t\t\t\t<\/div>\n\t\t\t\t<\/div>\n\t\t\t\t\t<\/div>\n\t\t\t\t<\/div>\n\t\t<div class=\"elementor-element elementor-element-edb93ce e-flex e-con-boxed e-con e-parent\" data-id=\"edb93ce\" data-element_type=\"container\" data-e-type=\"container\">\n\t\t\t\t\t<div class=\"e-con-inner\">\n\t\t\t\t\t<\/div>\n\t\t\t\t<\/div>\n\t\t\t\t<\/div>\n\t\t","protected":false},"excerpt":{"rendered":"<p>Yenilenebilir enerji depolama (bataryal\u0131) sistemleri, g\u00fcne\u015f ve r\u00fczgar gibi kesintili enerji kaynaklar\u0131ndan \u00fcretilen elektri\u011fi depolayarak enerji arz\u0131n\u0131 s\u00fcreklile\u015ftirir. Bu sistemlerde lityum-iyon, kur\u015fun-asit, Ni-Cd (Nikel-Kadmiyum) ak\u00fcler veya ak\u0131\u015f tipi bataryalar gibi enerji depolama birimleri kullan\u0131l\u0131r. Bataryal\u0131 depolama sistemleri, enerji fazlas\u0131n\u0131 saklar ve talep artt\u0131\u011f\u0131nda ya da enerji kayna\u011f\u0131 aktif olmad\u0131\u011f\u0131nda (\u00f6rne\u011fin gece saatlerinde) kullan\u0131lmas\u0131n\u0131 sa\u011flar. \u015eebeke [&hellip;]<\/p>\n","protected":false},"author":1,"featured_media":0,"parent":0,"menu_order":0,"comment_status":"closed","ping_status":"closed","template":"","meta":{"_monsterinsights_skip_tracking":false,"_monsterinsights_sitenote_active":false,"_monsterinsights_sitenote_note":"","_monsterinsights_sitenote_category":0,"footnotes":""},"class_list":["post-232","page","type-page","status-publish","hentry"],"aioseo_notices":[],"_links":{"self":[{"href":"https:\/\/istevl.com\/index.php?rest_route=\/wp\/v2\/pages\/232","targetHints":{"allow":["GET"]}}],"collection":[{"href":"https:\/\/istevl.com\/index.php?rest_route=\/wp\/v2\/pages"}],"about":[{"href":"https:\/\/istevl.com\/index.php?rest_route=\/wp\/v2\/types\/page"}],"author":[{"embeddable":true,"href":"https:\/\/istevl.com\/index.php?rest_route=\/wp\/v2\/users\/1"}],"replies":[{"embeddable":true,"href":"https:\/\/istevl.com\/index.php?rest_route=%2Fwp%2Fv2%2Fcomments&post=232"}],"version-history":[{"count":25,"href":"https:\/\/istevl.com\/index.php?rest_route=\/wp\/v2\/pages\/232\/revisions"}],"predecessor-version":[{"id":1278,"href":"https:\/\/istevl.com\/index.php?rest_route=\/wp\/v2\/pages\/232\/revisions\/1278"}],"wp:attachment":[{"href":"https:\/\/istevl.com\/index.php?rest_route=%2Fwp%2Fv2%2Fmedia&parent=232"}],"curies":[{"name":"wp","href":"https:\/\/api.w.org\/{rel}","templated":true}]}}