{"id":230,"date":"2024-12-06T12:01:00","date_gmt":"2024-12-06T09:01:00","guid":{"rendered":"https:\/\/istevl.com\/?page_id=230"},"modified":"2025-01-07T21:24:51","modified_gmt":"2025-01-07T18:24:51","slug":"fotovoltaik-sistemler","status":"publish","type":"page","link":"https:\/\/istevl.com\/?page_id=230","title":{"rendered":"Fotovoltaik Sistemler"},"content":{"rendered":"\t\t<div data-elementor-type=\"wp-page\" data-elementor-id=\"230\" class=\"elementor elementor-230\">\n\t\t\t\t<div class=\"elementor-element elementor-element-f179f0e e-flex e-con-boxed e-con e-parent\" data-id=\"f179f0e\" data-element_type=\"container\" data-e-type=\"container\">\n\t\t\t\t\t<div class=\"e-con-inner\">\n\t\t\t\t\t<\/div>\n\t\t\t\t<\/div>\n\t\t<div class=\"elementor-element elementor-element-9c38dea e-flex e-con-boxed e-con e-parent\" data-id=\"9c38dea\" data-element_type=\"container\" data-e-type=\"container\">\n\t\t\t\t\t<div class=\"e-con-inner\">\n\t\t<div class=\"elementor-element elementor-element-ec15cab e-con-full e-flex e-con e-child\" data-id=\"ec15cab\" data-element_type=\"container\" data-e-type=\"container\">\n\t\t\t\t<div class=\"elementor-element elementor-element-c435953 elementor-widget elementor-widget-image\" data-id=\"c435953\" data-element_type=\"widget\" data-e-type=\"widget\" data-widget_type=\"image.default\">\n\t\t\t\t<div class=\"elementor-widget-container\">\n\t\t\t\t\t\t\t\t\t\t\t\t\t\t\t<img fetchpriority=\"high\" decoding=\"async\" width=\"300\" height=\"200\" src=\"https:\/\/istevl.com\/wp-content\/uploads\/2024\/12\/aerial-view-blue-photovoltaic-solar-260nw-2319248153-300x200.jpg\" class=\"attachment-medium size-medium wp-image-270\" alt=\"\" srcset=\"https:\/\/istevl.com\/wp-content\/uploads\/2024\/12\/aerial-view-blue-photovoltaic-solar-260nw-2319248153-300x200.jpg 300w, https:\/\/istevl.com\/wp-content\/uploads\/2024\/12\/aerial-view-blue-photovoltaic-solar-260nw-2319248153.jpg 390w\" sizes=\"(max-width: 300px) 100vw, 300px\" \/>\t\t\t\t\t\t\t\t\t\t\t\t\t\t\t<\/div>\n\t\t\t\t<\/div>\n\t\t\t\t<\/div>\n\t\t<div class=\"elementor-element elementor-element-9ec45bd e-con-full e-flex e-con e-child\" data-id=\"9ec45bd\" data-element_type=\"container\" data-e-type=\"container\">\n\t\t\t\t<div class=\"elementor-element elementor-element-966669c elementor-widget elementor-widget-text-editor\" data-id=\"966669c\" data-element_type=\"widget\" data-e-type=\"widget\" data-widget_type=\"text-editor.default\">\n\t\t\t\t<div class=\"elementor-widget-container\">\n\t\t\t\t\t\t\t\t\t<p>G\u00fcne\u015f \u0131\u015f\u0131\u011f\u0131n\u0131 elektrik enerjisine d\u00f6n\u00fc\u015ft\u00fcren yenilenebilir enerji sistemleridir. Temel olarak g\u00fcne\u015f panelleri, invert\u00f6rler ve gerekti\u011finde enerji depolama i\u00e7in bataryalardan olu\u015fur. G\u00fcne\u015f panelleri, fotovoltaik h\u00fccreler arac\u0131l\u0131\u011f\u0131yla g\u00fcne\u015f \u0131\u015f\u0131\u011f\u0131n\u0131 do\u011fru ak\u0131ma (DC) \u00e7evirir. \u0130nvert\u00f6r, bu enerjiyi alternatif ak\u0131ma (AC) d\u00f6n\u00fc\u015ft\u00fcrerek evlerde, i\u015fletmelerde veya \u015febekede kullan\u0131lmas\u0131n\u0131 sa\u011flar.<\/p>\t\t\t\t\t\t\t\t<\/div>\n\t\t\t\t<\/div>\n\t\t\t\t<\/div>\n\t\t\t\t\t<\/div>\n\t\t\t\t<\/div>\n\t\t<div class=\"elementor-element elementor-element-7617e08 e-flex e-con-boxed e-con e-parent\" data-id=\"7617e08\" data-element_type=\"container\" data-e-type=\"container\">\n\t\t\t\t\t<div class=\"e-con-inner\">\n\t\t\t\t\t<\/div>\n\t\t\t\t<\/div>\n\t\t\t\t<\/div>\n\t\t","protected":false},"excerpt":{"rendered":"<p>G\u00fcne\u015f \u0131\u015f\u0131\u011f\u0131n\u0131 elektrik enerjisine d\u00f6n\u00fc\u015ft\u00fcren yenilenebilir enerji sistemleridir. Temel olarak g\u00fcne\u015f panelleri, invert\u00f6rler ve gerekti\u011finde enerji depolama i\u00e7in bataryalardan olu\u015fur. G\u00fcne\u015f panelleri, fotovoltaik h\u00fccreler arac\u0131l\u0131\u011f\u0131yla g\u00fcne\u015f \u0131\u015f\u0131\u011f\u0131n\u0131 do\u011fru ak\u0131ma (DC) \u00e7evirir. \u0130nvert\u00f6r, bu enerjiyi alternatif ak\u0131ma (AC) d\u00f6n\u00fc\u015ft\u00fcrerek evlerde, i\u015fletmelerde veya \u015febekede kullan\u0131lmas\u0131n\u0131 sa\u011flar.<\/p>\n","protected":false},"author":1,"featured_media":0,"parent":0,"menu_order":0,"comment_status":"closed","ping_status":"closed","template":"","meta":{"_monsterinsights_skip_tracking":false,"_monsterinsights_sitenote_active":false,"_monsterinsights_sitenote_note":"","_monsterinsights_sitenote_category":0,"footnotes":""},"class_list":["post-230","page","type-page","status-publish","hentry"],"aioseo_notices":[],"_links":{"self":[{"href":"https:\/\/istevl.com\/index.php?rest_route=\/wp\/v2\/pages\/230","targetHints":{"allow":["GET"]}}],"collection":[{"href":"https:\/\/istevl.com\/index.php?rest_route=\/wp\/v2\/pages"}],"about":[{"href":"https:\/\/istevl.com\/index.php?rest_route=\/wp\/v2\/types\/page"}],"author":[{"embeddable":true,"href":"https:\/\/istevl.com\/index.php?rest_route=\/wp\/v2\/users\/1"}],"replies":[{"embeddable":true,"href":"https:\/\/istevl.com\/index.php?rest_route=%2Fwp%2Fv2%2Fcomments&post=230"}],"version-history":[{"count":25,"href":"https:\/\/istevl.com\/index.php?rest_route=\/wp\/v2\/pages\/230\/revisions"}],"predecessor-version":[{"id":1338,"href":"https:\/\/istevl.com\/index.php?rest_route=\/wp\/v2\/pages\/230\/revisions\/1338"}],"wp:attachment":[{"href":"https:\/\/istevl.com\/index.php?rest_route=%2Fwp%2Fv2%2Fmedia&parent=230"}],"curies":[{"name":"wp","href":"https:\/\/api.w.org\/{rel}","templated":true}]}}