{"id":228,"date":"2024-12-06T12:00:29","date_gmt":"2024-12-06T09:00:29","guid":{"rendered":"https:\/\/istevl.com\/?page_id=228"},"modified":"2025-01-07T21:44:09","modified_gmt":"2025-01-07T18:44:09","slug":"yenilenebilir-enerji","status":"publish","type":"page","link":"https:\/\/istevl.com\/?page_id=228","title":{"rendered":"Yenilenebilir Enerji"},"content":{"rendered":"\t\t<div data-elementor-type=\"wp-page\" data-elementor-id=\"228\" class=\"elementor elementor-228\">\n\t\t\t\t<div class=\"elementor-element elementor-element-4247e00 e-flex e-con-boxed e-con e-parent\" data-id=\"4247e00\" data-element_type=\"container\" data-e-type=\"container\">\n\t\t\t\t\t<div class=\"e-con-inner\">\n\t\t\t\t\t<\/div>\n\t\t\t\t<\/div>\n\t\t<div class=\"elementor-element elementor-element-75c3899 e-flex e-con-boxed e-con e-parent\" data-id=\"75c3899\" data-element_type=\"container\" data-e-type=\"container\">\n\t\t\t\t\t<div class=\"e-con-inner\">\n\t\t<div class=\"elementor-element elementor-element-25c5022 e-con-full e-flex e-con e-child\" data-id=\"25c5022\" data-element_type=\"container\" data-e-type=\"container\">\n\t\t\t\t<div class=\"elementor-element elementor-element-bb9b5f2 elementor-widget elementor-widget-image\" data-id=\"bb9b5f2\" data-element_type=\"widget\" data-e-type=\"widget\" data-widget_type=\"image.default\">\n\t\t\t\t<div class=\"elementor-widget-container\">\n\t\t\t\t\t\t\t\t\t\t\t\t\t\t\t<img fetchpriority=\"high\" decoding=\"async\" width=\"800\" height=\"400\" src=\"https:\/\/istevl.com\/wp-content\/uploads\/2024\/12\/20220926-Renewable-energy-integration-1000x500p_tcm8-231848.jpg\" class=\"attachment-large size-large wp-image-250\" alt=\"\" srcset=\"https:\/\/istevl.com\/wp-content\/uploads\/2024\/12\/20220926-Renewable-energy-integration-1000x500p_tcm8-231848.jpg 1000w, https:\/\/istevl.com\/wp-content\/uploads\/2024\/12\/20220926-Renewable-energy-integration-1000x500p_tcm8-231848-300x150.jpg 300w, https:\/\/istevl.com\/wp-content\/uploads\/2024\/12\/20220926-Renewable-energy-integration-1000x500p_tcm8-231848-768x384.jpg 768w\" sizes=\"(max-width: 800px) 100vw, 800px\" \/>\t\t\t\t\t\t\t\t\t\t\t\t\t\t\t<\/div>\n\t\t\t\t<\/div>\n\t\t\t\t<\/div>\n\t\t<div class=\"elementor-element elementor-element-2baadaf e-con-full e-flex e-con e-child\" data-id=\"2baadaf\" data-element_type=\"container\" data-e-type=\"container\">\n\t\t\t\t<div class=\"elementor-element elementor-element-be308f3 elementor-widget elementor-widget-text-editor\" data-id=\"be308f3\" data-element_type=\"widget\" data-e-type=\"widget\" data-widget_type=\"text-editor.default\">\n\t\t\t\t<div class=\"elementor-widget-container\">\n\t\t\t\t\t\t\t\t\t<h5>Yenilenebilir Enerji<\/h5><p>Firmam\u0131z, yenilenebilir enerji kaynaklar\u0131ndan olan g\u00fcne\u015f (off-grid, on-grid), r\u00fczg\u00e2r ve biyok\u00fctle enerjisinden yararlanarak elektrik enerjisi \u00fcretmek ve bu s\u00fcre\u00e7te verimlili\u011fi artt\u0131racak \u00e7\u00f6z\u00fcmler sunan m\u00fchendislik hizmetleri vermektedir. Projelerimiz, bireysel kullan\u0131m \u00e7\u00f6z\u00fcmlerinden end\u00fcstriyel ve tar\u0131msal uygulamalara kadar geni\u015f bir kapsama sahiptir.<\/p>\t\t\t\t\t\t\t\t<\/div>\n\t\t\t\t<\/div>\n\t\t\t\t<\/div>\n\t\t\t\t\t<\/div>\n\t\t\t\t<\/div>\n\t\t<div class=\"elementor-element elementor-element-4a8748f e-flex e-con-boxed e-con e-parent\" data-id=\"4a8748f\" data-element_type=\"container\" data-e-type=\"container\">\n\t\t\t\t\t<div class=\"e-con-inner\">\n\t\t\t\t\t<\/div>\n\t\t\t\t<\/div>\n\t\t<div class=\"elementor-element elementor-element-4f1ee1b e-flex e-con-boxed e-con e-parent\" data-id=\"4f1ee1b\" data-element_type=\"container\" data-e-type=\"container\">\n\t\t\t\t\t<div class=\"e-con-inner\">\n\t\t\t\t<div class=\"elementor-element elementor-element-50b245d elementor-widget elementor-widget-text-editor\" data-id=\"50b245d\" data-element_type=\"widget\" data-e-type=\"widget\" data-widget_type=\"text-editor.default\">\n\t\t\t\t<div class=\"elementor-widget-container\">\n\t\t\t\t\t\t\t\t\t<h5>Proje Hedeflerimiz<\/h5><ul><li><p>Yenilenebilir enerjinin etkin bir \u015fekilde elektrik enerjisine d\u00f6n\u00fc\u015ft\u00fcr\u00fclmesi.<\/p><\/li><li><p>Evsel ve ticari kullan\u0131mlar i\u00e7in uygun maliyetli sistemlerin tasarlanmas\u0131.<\/p><\/li><li><p>Karbon ayak izinin azalt\u0131lmas\u0131na katk\u0131da bulunmak.<\/p><\/li><li><p>Kullan\u0131lacak yenilenebilir kaynaklar\u0131n uzun \u00f6m\u00fcrl\u00fcl\u00fc\u011f\u00fcn\u00fc ve verimlili\u011fini optimize etmek.<\/p><\/li><li><p>Uzun vadede enerji maliyetlerinde tasarruf sa\u011flanmas\u0131.<\/p><\/li><li><p>Enerji ba\u011f\u0131ms\u0131zl\u0131\u011f\u0131n\u0131n art\u0131r\u0131lmas\u0131.<\/p><\/li><\/ul>\t\t\t\t\t\t\t\t<\/div>\n\t\t\t\t<\/div>\n\t\t\t\t\t<\/div>\n\t\t\t\t<\/div>\n\t\t<div class=\"elementor-element elementor-element-12b4484 e-flex e-con-boxed e-con e-parent\" data-id=\"12b4484\" data-element_type=\"container\" data-e-type=\"container\">\n\t\t\t\t\t<div class=\"e-con-inner\">\n\t\t\t\t\t<\/div>\n\t\t\t\t<\/div>\n\t\t<div class=\"elementor-element elementor-element-90264c6 e-flex e-con-boxed e-con e-parent\" data-id=\"90264c6\" data-element_type=\"container\" data-e-type=\"container\">\n\t\t\t\t\t<div class=\"e-con-inner\">\n\t\t<div class=\"elementor-element elementor-element-f70b766 e-con-full e-flex e-con e-child\" data-id=\"f70b766\" data-element_type=\"container\" data-e-type=\"container\">\n\t\t\t\t<div class=\"elementor-element elementor-element-7208ded elementor-widget elementor-widget-text-editor\" data-id=\"7208ded\" data-element_type=\"widget\" data-e-type=\"widget\" data-widget_type=\"text-editor.default\">\n\t\t\t\t<div class=\"elementor-widget-container\">\n\t\t\t\t\t\t\t\t\t<p>Faaliyet G\u00f6sterdi\u011fimiz Yenilebilir projeler;<\/p><ul><li><a href=\"https:\/\/istevl.com\/?page_id=230\">Fotovoltaik sistemler<\/a><\/li><li><a href=\"https:\/\/istevl.com\/?page_id=232\">Depolama Sistemleri<\/a><\/li><li><a href=\"https:\/\/istevl.com\/?page_id=234\">R\u00fczg\u00e2r enerjisi sistemi<\/a><\/li><li><a href=\"https:\/\/istevl.com\/?page_id=236\">Hibrit Enerji Sistemleri<\/a><\/li><li><a href=\"https:\/\/istevl.com\/?page_id=238\">Biok\u00fctle (Biomas)<\/a><\/li><li><a href=\"https:\/\/istevl.com\/?page_id=240\">Ye\u015fil Hidrojen \u00dcretim<\/a><\/li><\/ul>\t\t\t\t\t\t\t\t<\/div>\n\t\t\t\t<\/div>\n\t\t\t\t<\/div>\n\t\t<div class=\"elementor-element elementor-element-aaedc59 e-con-full e-flex e-con e-child\" data-id=\"aaedc59\" data-element_type=\"container\" data-e-type=\"container\">\n\t\t\t\t<div class=\"elementor-element elementor-element-c678fd0 elementor-widget elementor-widget-image\" data-id=\"c678fd0\" data-element_type=\"widget\" data-e-type=\"widget\" data-widget_type=\"image.default\">\n\t\t\t\t<div class=\"elementor-widget-container\">\n\t\t\t\t\t\t\t\t\t\t\t\t\t\t\t<img decoding=\"async\" width=\"318\" height=\"159\" src=\"https:\/\/istevl.com\/wp-content\/uploads\/2024\/12\/images-1.jpg\" class=\"attachment-large size-large wp-image-252\" alt=\"\" srcset=\"https:\/\/istevl.com\/wp-content\/uploads\/2024\/12\/images-1.jpg 318w, https:\/\/istevl.com\/wp-content\/uploads\/2024\/12\/images-1-300x150.jpg 300w\" sizes=\"(max-width: 318px) 100vw, 318px\" \/>\t\t\t\t\t\t\t\t\t\t\t\t\t\t\t<\/div>\n\t\t\t\t<\/div>\n\t\t\t\t<\/div>\n\t\t\t\t\t<\/div>\n\t\t\t\t<\/div>\n\t\t<div class=\"elementor-element elementor-element-9b5a056 e-flex e-con-boxed e-con e-parent\" data-id=\"9b5a056\" data-element_type=\"container\" data-e-type=\"container\">\n\t\t\t\t\t<div class=\"e-con-inner\">\n\t\t\t\t\t<\/div>\n\t\t\t\t<\/div>\n\t\t\t\t<\/div>\n\t\t","protected":false},"excerpt":{"rendered":"<p>Yenilenebilir Enerji Firmam\u0131z, yenilenebilir enerji kaynaklar\u0131ndan olan g\u00fcne\u015f (off-grid, on-grid), r\u00fczg\u00e2r ve biyok\u00fctle enerjisinden yararlanarak elektrik enerjisi \u00fcretmek ve bu s\u00fcre\u00e7te verimlili\u011fi artt\u0131racak \u00e7\u00f6z\u00fcmler sunan m\u00fchendislik hizmetleri vermektedir. Projelerimiz, bireysel kullan\u0131m \u00e7\u00f6z\u00fcmlerinden end\u00fcstriyel ve tar\u0131msal uygulamalara kadar geni\u015f bir kapsama sahiptir. Proje Hedeflerimiz Yenilenebilir enerjinin etkin bir \u015fekilde elektrik enerjisine d\u00f6n\u00fc\u015ft\u00fcr\u00fclmesi. Evsel ve ticari kullan\u0131mlar [&hellip;]<\/p>\n","protected":false},"author":1,"featured_media":0,"parent":0,"menu_order":0,"comment_status":"closed","ping_status":"closed","template":"","meta":{"_monsterinsights_skip_tracking":false,"_monsterinsights_sitenote_active":false,"_monsterinsights_sitenote_note":"","_monsterinsights_sitenote_category":0,"footnotes":""},"class_list":["post-228","page","type-page","status-publish","hentry"],"aioseo_notices":[],"_links":{"self":[{"href":"https:\/\/istevl.com\/index.php?rest_route=\/wp\/v2\/pages\/228","targetHints":{"allow":["GET"]}}],"collection":[{"href":"https:\/\/istevl.com\/index.php?rest_route=\/wp\/v2\/pages"}],"about":[{"href":"https:\/\/istevl.com\/index.php?rest_route=\/wp\/v2\/types\/page"}],"author":[{"embeddable":true,"href":"https:\/\/istevl.com\/index.php?rest_route=\/wp\/v2\/users\/1"}],"replies":[{"embeddable":true,"href":"https:\/\/istevl.com\/index.php?rest_route=%2Fwp%2Fv2%2Fcomments&post=228"}],"version-history":[{"count":19,"href":"https:\/\/istevl.com\/index.php?rest_route=\/wp\/v2\/pages\/228\/revisions"}],"predecessor-version":[{"id":1368,"href":"https:\/\/istevl.com\/index.php?rest_route=\/wp\/v2\/pages\/228\/revisions\/1368"}],"wp:attachment":[{"href":"https:\/\/istevl.com\/index.php?rest_route=%2Fwp%2Fv2%2Fmedia&parent=228"}],"curies":[{"name":"wp","href":"https:\/\/api.w.org\/{rel}","templated":true}]}}