{"id":209,"date":"2024-12-06T11:20:55","date_gmt":"2024-12-06T08:20:55","guid":{"rendered":"https:\/\/istevl.com\/?page_id=209"},"modified":"2025-01-07T21:08:48","modified_gmt":"2025-01-07T18:08:48","slug":"endustriyel-otomasyon","status":"publish","type":"page","link":"https:\/\/istevl.com\/?page_id=209","title":{"rendered":"End\u00fcstriyel Otomasyon"},"content":{"rendered":"\t\t<div data-elementor-type=\"wp-page\" data-elementor-id=\"209\" class=\"elementor elementor-209\">\n\t\t\t\t<div class=\"elementor-element elementor-element-9c13621 e-flex e-con-boxed e-con e-parent\" data-id=\"9c13621\" data-element_type=\"container\" data-e-type=\"container\">\n\t\t\t\t\t<div class=\"e-con-inner\">\n\t\t\t\t\t<\/div>\n\t\t\t\t<\/div>\n\t\t<div class=\"elementor-element elementor-element-7d9400a e-flex e-con-boxed e-con e-parent\" data-id=\"7d9400a\" data-element_type=\"container\" data-e-type=\"container\">\n\t\t\t\t\t<div class=\"e-con-inner\">\n\t\t<div class=\"elementor-element elementor-element-4399034 e-con-full e-flex e-con e-child\" data-id=\"4399034\" data-element_type=\"container\" data-e-type=\"container\">\n\t\t\t\t<div class=\"elementor-element elementor-element-3378de7 elementor-widget elementor-widget-image\" data-id=\"3378de7\" data-element_type=\"widget\" data-e-type=\"widget\" data-widget_type=\"image.default\">\n\t\t\t\t<div class=\"elementor-widget-container\">\n\t\t\t\t\t\t\t\t\t\t\t\t\t\t\t<img fetchpriority=\"high\" decoding=\"async\" width=\"728\" height=\"416\" src=\"https:\/\/istevl.com\/wp-content\/uploads\/2024\/12\/Endustriyel-Otomasyon-Nedir.jpg\" class=\"attachment-large size-large wp-image-213\" alt=\"\" srcset=\"https:\/\/istevl.com\/wp-content\/uploads\/2024\/12\/Endustriyel-Otomasyon-Nedir.jpg 728w, https:\/\/istevl.com\/wp-content\/uploads\/2024\/12\/Endustriyel-Otomasyon-Nedir-300x171.jpg 300w\" sizes=\"(max-width: 728px) 100vw, 728px\" \/>\t\t\t\t\t\t\t\t\t\t\t\t\t\t\t<\/div>\n\t\t\t\t<\/div>\n\t\t\t\t<\/div>\n\t\t<div class=\"elementor-element elementor-element-813dcb7 e-con-full e-flex e-con e-child\" data-id=\"813dcb7\" data-element_type=\"container\" data-e-type=\"container\">\n\t\t\t\t<div class=\"elementor-element elementor-element-8995542 elementor-widget elementor-widget-text-editor\" data-id=\"8995542\" data-element_type=\"widget\" data-e-type=\"widget\" data-widget_type=\"text-editor.default\">\n\t\t\t\t<div class=\"elementor-widget-container\">\n\t\t\t\t\t\t\t\t\t<p><strong>End\u00fcstriyel otomasyon;<\/strong><\/p><p>End\u00fcstriyel otomasyon, sanayi ve \u00fcretim tesislerinde s\u00fcre\u00e7lerin otomatik olarak kontrol edilmesini ve y\u00f6netilmesini sa\u011flayan teknolojik sistemlerin kullan\u0131m\u0131n\u0131 i\u00e7erir. Bu otomasyon t\u00fcr\u00fc, \u00fcretim hatt\u0131ndaki makinelerin, ekipmanlar\u0131n ve s\u00fcre\u00e7lerin daha verimli, g\u00fcvenli ve ekonomik bir \u015fekilde y\u00f6netilmesini ama\u00e7lar. End\u00fcstriyel otomasyonun uygulama alanlar\u0131, d\u00f6k\u00fcmhane, otomotiv, g\u0131da, i\u00e7ecek ve bir\u00e7ok a\u011f\u0131r sanayi gibi sekt\u00f6rleri kapsayacak kadar geni\u015f bir yelpazeye sahiptir.<\/p><div>\u00a0<\/div><p>\u00a0<\/p>\t\t\t\t\t\t\t\t<\/div>\n\t\t\t\t<\/div>\n\t\t\t\t<\/div>\n\t\t\t\t\t<\/div>\n\t\t\t\t<\/div>\n\t\t<div class=\"elementor-element elementor-element-7cb69ec e-flex e-con-boxed e-con e-parent\" data-id=\"7cb69ec\" data-element_type=\"container\" data-e-type=\"container\">\n\t\t\t\t\t<div class=\"e-con-inner\">\n\t\t\t\t\t<\/div>\n\t\t\t\t<\/div>\n\t\t<div class=\"elementor-element elementor-element-7ec5431 e-flex e-con-boxed e-con e-parent\" data-id=\"7ec5431\" data-element_type=\"container\" data-e-type=\"container\">\n\t\t\t\t\t<div class=\"e-con-inner\">\n\t\t\t\t<div class=\"elementor-element elementor-element-aa6ec6b elementor-widget elementor-widget-text-editor\" data-id=\"aa6ec6b\" data-element_type=\"widget\" data-e-type=\"widget\" data-widget_type=\"text-editor.default\">\n\t\t\t\t<div class=\"elementor-widget-container\">\n\t\t\t\t\t\t\t\t\t<div tabindex=\"0\" role=\"article\" data-tabster=\"{&quot;groupper&quot;:{&quot;tabbability&quot;:2},&quot;focusable&quot;:{}}\" data-content=\"ai-message\" aria-labelledby=\"BzqkJnw4TBqYsDZxgsnY4-author} BzqkJnw4TBqYsDZxgsnY4-content-0\"><div id=\"BzqkJnw4TBqYsDZxgsnY4-content-0\"><h5>End\u00fcstriyel Otomasyonun Temel Bile\u015fenleri<\/h5><ul><li><p><strong>Programlanabilir Logic Controller (PLC):<\/strong> End\u00fcstriyel otomasyonun kalbinde yer al\u0131r. PLC\u2019ler, makinelerin ve proseslerin otomatik olarak kontrol edilmesini sa\u011flayan dijital kontrol sistemleridir. \u00c7e\u015fitli giri\u015f ve \u00e7\u0131k\u0131\u015f sinyallerini al\u0131p i\u015fleyerek, cihazlar\u0131 kontrol eder.<\/p><\/li><li><p><strong>Sens\u00f6rler ve Akt\u00fcat\u00f6rler:<\/strong> Sens\u00f6rler, ortamdaki de\u011fi\u015fiklikleri (s\u0131cakl\u0131k, bas\u0131n\u00e7, hareket, \u0131\u015f\u0131k vb.) alg\u0131lar ve bu bilgiyi kontrol sistemine iletir. Akt\u00fcat\u00f6rler, kontrol sistemlerinden gelen komutlara g\u00f6re fiziksel hareketleri ger\u00e7ekle\u015ftirir (\u00f6rne\u011fin, motorlar\u0131 \u00e7al\u0131\u015ft\u0131rma, vanalar\u0131 a\u00e7ma\/kapama).<\/p><\/li><li><p><strong>HMI (Human-Machine Interface):<\/strong> Operat\u00f6rlerin makineleri ve sistemleri kontrol etmesini sa\u011flayan kullan\u0131c\u0131 aray\u00fczleridir. HMI\u2019lar, makinelerin durumu ve s\u00fcre\u00e7 verileri hakk\u0131nda bilgi sunar ve kullan\u0131c\u0131lar\u0131n sistemle etkile\u015fimde bulunmas\u0131n\u0131 kolayla\u015ft\u0131r\u0131r.<\/p><\/li><li><p><strong>SCADA (Supervisory Control and Data Acquisition):<\/strong> End\u00fcstriyel tesislerde geni\u015f \u00e7apl\u0131 sistemlerin izlenmesi ve kontrol edilmesi i\u00e7in kullan\u0131lan yaz\u0131l\u0131m sistemleridir. SCADA sistemleri, \u00e7e\u015fitli PLC&#8217;lerden gelen verileri toplar, bu verileri analiz eder ve kullan\u0131c\u0131ya ger\u00e7ek zamanl\u0131 izleme ve raporlama imk\u00e2n\u0131 sa\u011flar.<\/p><\/li><li><p><strong>\u0130leri D\u00fczey Kontrol Sistemleri:<\/strong> PI (Proportional-Integral) veya PID (Proportional-Integral-Derivative) kontrol\u00fc, end\u00fcstriyel s\u00fcre\u00e7lerde daha hassas kontrol sa\u011flar. Karma\u015f\u0131k s\u00fcre\u00e7lerin kontrol\u00fc i\u00e7in daha geli\u015fmi\u015f algoritmalar kullan\u0131l\u0131r.<\/p><\/li><li><p><strong>End\u00fcstriyel Robotlar:<\/strong> \u00dcretim s\u00fcre\u00e7lerini otomatik olarak ger\u00e7ekle\u015ftirmek i\u00e7in tasarlanm\u0131\u015f robotlard\u0131r. Montaj, kaynak, ta\u015f\u0131nma, paketleme ve malzeme i\u015fleme gibi \u00e7e\u015fitli g\u00f6revlerde kullan\u0131l\u0131r.<\/p><\/li><\/ul><h5>End\u00fcstriyel Otomasyonun Yararlar\u0131<\/h5><ul><li><p><strong>Verimlilik Art\u0131\u015f\u0131:<\/strong> Otomasyon sistemleri, \u00fcretim s\u00fcre\u00e7lerini h\u0131zland\u0131r\u0131r ve i\u015flemlerde insan hatalar\u0131n\u0131 azalt\u0131r.<\/p><\/li><li><p><strong>Maliyet Tasarrufu:<\/strong> \u0130\u015f g\u00fcc\u00fc maliyetlerini d\u00fc\u015f\u00fcr\u00fcr ve enerji verimlili\u011fini art\u0131r\u0131r.<\/p><\/li><li><p><strong>Kalite Kontrol:<\/strong> \u00dcretim s\u00fcrecindeki tutarl\u0131l\u0131\u011f\u0131 sa\u011flar ve daha y\u00fcksek kalite standartlar\u0131 elde edilmesine olanak tan\u0131r.<\/p><\/li><li><p><strong>G\u00fcvenlik:<\/strong> Tehlikeli veya zorlu g\u00f6revleri insanlardan alarak i\u015f kazalar\u0131n\u0131 azalt\u0131r.<\/p><\/li><li><p><strong>Veri Toplama ve Analiz:<\/strong> Ger\u00e7ek zamanl\u0131 veri toplama ve analiz yap\u0131larak \u00fcretim s\u00fcrecinde s\u00fcrekli iyile\u015ftirme sa\u011flan\u0131r.<\/p><\/li><\/ul><\/div><\/div><p>\u00a0<\/p>\t\t\t\t\t\t\t\t<\/div>\n\t\t\t\t<\/div>\n\t\t\t\t\t<\/div>\n\t\t\t\t<\/div>\n\t\t<div class=\"elementor-element elementor-element-83590cc e-flex e-con-boxed e-con e-parent\" data-id=\"83590cc\" data-element_type=\"container\" data-e-type=\"container\">\n\t\t\t\t\t<div class=\"e-con-inner\">\n\t\t\t\t\t<\/div>\n\t\t\t\t<\/div>\n\t\t\t\t<\/div>\n\t\t","protected":false},"excerpt":{"rendered":"<p>End\u00fcstriyel otomasyon; End\u00fcstriyel otomasyon, sanayi ve \u00fcretim tesislerinde s\u00fcre\u00e7lerin otomatik olarak kontrol edilmesini ve y\u00f6netilmesini sa\u011flayan teknolojik sistemlerin kullan\u0131m\u0131n\u0131 i\u00e7erir. Bu otomasyon t\u00fcr\u00fc, \u00fcretim hatt\u0131ndaki makinelerin, ekipmanlar\u0131n ve s\u00fcre\u00e7lerin daha verimli, g\u00fcvenli ve ekonomik bir \u015fekilde y\u00f6netilmesini ama\u00e7lar. End\u00fcstriyel otomasyonun uygulama alanlar\u0131, d\u00f6k\u00fcmhane, otomotiv, g\u0131da, i\u00e7ecek ve bir\u00e7ok a\u011f\u0131r sanayi gibi sekt\u00f6rleri kapsayacak kadar geni\u015f [&hellip;]<\/p>\n","protected":false},"author":1,"featured_media":0,"parent":0,"menu_order":0,"comment_status":"closed","ping_status":"closed","template":"","meta":{"_monsterinsights_skip_tracking":false,"_monsterinsights_sitenote_active":false,"_monsterinsights_sitenote_note":"","_monsterinsights_sitenote_category":0,"footnotes":""},"class_list":["post-209","page","type-page","status-publish","hentry"],"aioseo_notices":[],"_links":{"self":[{"href":"https:\/\/istevl.com\/index.php?rest_route=\/wp\/v2\/pages\/209","targetHints":{"allow":["GET"]}}],"collection":[{"href":"https:\/\/istevl.com\/index.php?rest_route=\/wp\/v2\/pages"}],"about":[{"href":"https:\/\/istevl.com\/index.php?rest_route=\/wp\/v2\/types\/page"}],"author":[{"embeddable":true,"href":"https:\/\/istevl.com\/index.php?rest_route=\/wp\/v2\/users\/1"}],"replies":[{"embeddable":true,"href":"https:\/\/istevl.com\/index.php?rest_route=%2Fwp%2Fv2%2Fcomments&post=209"}],"version-history":[{"count":16,"href":"https:\/\/istevl.com\/index.php?rest_route=\/wp\/v2\/pages\/209\/revisions"}],"predecessor-version":[{"id":1323,"href":"https:\/\/istevl.com\/index.php?rest_route=\/wp\/v2\/pages\/209\/revisions\/1323"}],"wp:attachment":[{"href":"https:\/\/istevl.com\/index.php?rest_route=%2Fwp%2Fv2%2Fmedia&parent=209"}],"curies":[{"name":"wp","href":"https:\/\/api.w.org\/{rel}","templated":true}]}}