{"id":170,"date":"2024-12-06T10:45:52","date_gmt":"2024-12-06T07:45:52","guid":{"rendered":"https:\/\/istevl.com\/?page_id=170"},"modified":"2025-01-07T21:09:55","modified_gmt":"2025-01-07T18:09:55","slug":"enerji-otomasyonu","status":"publish","type":"page","link":"https:\/\/istevl.com\/?page_id=170","title":{"rendered":"Enerji Otomasyonu"},"content":{"rendered":"\t\t<div data-elementor-type=\"wp-page\" data-elementor-id=\"170\" class=\"elementor elementor-170\">\n\t\t\t\t<div class=\"elementor-element elementor-element-9d8c6ab e-flex e-con-boxed e-con e-parent\" data-id=\"9d8c6ab\" data-element_type=\"container\" data-e-type=\"container\">\n\t\t\t\t\t<div class=\"e-con-inner\">\n\t\t\t\t\t<\/div>\n\t\t\t\t<\/div>\n\t\t<div class=\"elementor-element elementor-element-db06ef5 e-flex e-con-boxed e-con e-parent\" data-id=\"db06ef5\" data-element_type=\"container\" data-e-type=\"container\">\n\t\t\t\t\t<div class=\"e-con-inner\">\n\t\t<div class=\"elementor-element elementor-element-c3a7d70 e-con-full e-flex e-con e-child\" data-id=\"c3a7d70\" data-element_type=\"container\" data-e-type=\"container\">\n\t\t\t\t<div class=\"elementor-element elementor-element-605b357 elementor-widget elementor-widget-image\" data-id=\"605b357\" data-element_type=\"widget\" data-e-type=\"widget\" data-widget_type=\"image.default\">\n\t\t\t\t<div class=\"elementor-widget-container\">\n\t\t\t\t\t\t\t\t\t\t\t\t\t\t\t<img decoding=\"async\" src=\"https:\/\/istevl.com\/wp-content\/uploads\/elementor\/thumbs\/autocad-electrical-project-qy24k6w7sktitbvehes2434r3e8f0h4359vemc95jk.png\" title=\"autocad-electrical-project\" alt=\"autocad-electrical-project\" loading=\"lazy\" \/>\t\t\t\t\t\t\t\t\t\t\t\t\t\t\t<\/div>\n\t\t\t\t<\/div>\n\t\t\t\t<\/div>\n\t\t<div class=\"elementor-element elementor-element-a2c9397 e-con-full e-flex e-con e-child\" data-id=\"a2c9397\" data-element_type=\"container\" data-e-type=\"container\">\n\t\t\t\t<div class=\"elementor-element elementor-element-5f9c39d elementor-widget elementor-widget-text-editor\" data-id=\"5f9c39d\" data-element_type=\"widget\" data-e-type=\"widget\" data-widget_type=\"text-editor.default\">\n\t\t\t\t<div class=\"elementor-widget-container\">\n\t\t\t\t\t\t\t\t\t<h5>Enerji Otomasyonu<\/h5><p>Firmam\u0131z, enerji otomasyonu projeleriyle, enerji sistemlerinin daha verimli ve s\u00fcrd\u00fcr\u00fclebilir bir \u015fekilde y\u00f6netilmesini ama\u00e7lamaktad\u0131r. Bu t\u00fcr projeler, genellikle enerji \u00fcretimi, iletimi ve t\u00fcketimi s\u00fcre\u00e7lerinde otomatik kontrol sistemlerinin kullan\u0131lmas\u0131 yoluyla enerji y\u00f6netimini optimize etmeye odaklanmaktad\u0131r<\/p>\t\t\t\t\t\t\t\t<\/div>\n\t\t\t\t<\/div>\n\t\t\t\t<\/div>\n\t\t\t\t\t<\/div>\n\t\t\t\t<\/div>\n\t\t<div class=\"elementor-element elementor-element-959a6bb e-flex e-con-boxed e-con e-parent\" data-id=\"959a6bb\" data-element_type=\"container\" data-e-type=\"container\">\n\t\t\t\t\t<div class=\"e-con-inner\">\n\t\t\t\t\t<\/div>\n\t\t\t\t<\/div>\n\t\t<div class=\"elementor-element elementor-element-170a2a3 e-flex e-con-boxed e-con e-parent\" data-id=\"170a2a3\" data-element_type=\"container\" data-e-type=\"container\">\n\t\t\t\t\t<div class=\"e-con-inner\">\n\t\t\t\t<div class=\"elementor-element elementor-element-f2d0d0e elementor-widget elementor-widget-text-editor\" data-id=\"f2d0d0e\" data-element_type=\"widget\" data-e-type=\"widget\" data-widget_type=\"text-editor.default\">\n\t\t\t\t<div class=\"elementor-widget-container\">\n\t\t\t\t\t\t\t\t\t<h5>Enerji Otomasyonu<\/h5><ol start=\"1\"><li><p><strong>Enerji Y\u00f6netim Sistemleri (EMS)<\/strong><\/p><ul><li><p>Enerji t\u00fcketimini izleyen, analiz eden ve raporlayan sistemlerdir. Bu sistemler, enerji verimlili\u011fini art\u0131rmak i\u00e7in verileri toplar ve i\u015flemeyi otomatikle\u015ftirir.<\/p><\/li><\/ul><\/li><li><p><strong>Ak\u0131ll\u0131 \u015eebekeler (Smart Grids)<\/strong><\/p><ul><li><p>Enerji \u00fcretim ve t\u00fcketimi aras\u0131ndaki dengeyi sa\u011flayan, elektrik \u015febekesini ak\u0131ll\u0131 teknolojilerle g\u00fc\u00e7lendiren sistemlerdir. Ak\u0131ll\u0131 saya\u00e7lar, sens\u00f6rler ve veri analiti\u011fi ile desteklenir.<\/p><\/li><\/ul><\/li><li><p><strong>Otomatik Kontrol Sistemleri<\/strong><\/p><ul><li><p>Enerji \u00fcretim tesislerinde (\u00f6rne\u011fin, g\u00fcne\u015f ve r\u00fczgar santralleri) enerjiyi \u00fcretim s\u00fcrecinde otomatik olarak kontrol eden sistemlerdir. Bu sistemler, enerji kay\u0131plar\u0131n\u0131 en aza indirir ve \u00fcretim s\u00fcre\u00e7lerini optimize eder. Ayn\u0131 zamanda \u015febekeyle paralel \u00e7al\u0131\u015fan cojen, UPS ve yenilenebilir kaynaklar veya dizel jenerat\u00f6rler, \u015febeke kesintilerinde veya a\u015f\u0131r\u0131 y\u00fck durumlar\u0131nda y\u00fck alma ve atma i\u015flemi ger\u00e7ekle\u015ftirir.<\/p><\/li><\/ul><\/li><li><p><strong>\u0130leri D\u00fczey Veri Analiti\u011fi<\/strong><\/p><ul><li><p>Enerji t\u00fcketimi ve \u00fcretimi ile ilgili b\u00fcy\u00fck verilerin toplanmas\u0131 ve analiz edilmesi yoluyla \u00f6ng\u00f6r\u00fclebilirlik ve karar destek sistemleri olu\u015fturulur. Bu sistemler ile ge\u00e7mi\u015fe y\u00f6nelik ar\u0131zalar, uyar\u0131lar, t\u00fcketim de\u011ferleri ve \u00fcretimdeki verim kay\u0131plar\u0131 analiz edilir.<\/p><\/li><\/ul><\/li><li><p><strong>IoT Entegrasyonu<\/strong><\/p><ul><li><p>Nesnelerin interneti (IoT) teknolojileri, enerji otomasyonunda cihazlar\u0131n uzaktan izlenmesi ve y\u00f6netilmesi i\u00e7in kullan\u0131l\u0131r. Sens\u00f6rler ve cihazlar, enerji ak\u0131\u015flar\u0131n\u0131 izler ve bu bilgileri bulut tabanl\u0131 platformlarda analiz eder.<\/p><\/li><\/ul><\/li><\/ol>\t\t\t\t\t\t\t\t<\/div>\n\t\t\t\t<\/div>\n\t\t\t\t\t<\/div>\n\t\t\t\t<\/div>\n\t\t<div class=\"elementor-element elementor-element-10ba911 e-flex e-con-boxed e-con e-parent\" data-id=\"10ba911\" data-element_type=\"container\" data-e-type=\"container\">\n\t\t\t\t\t<div class=\"e-con-inner\">\n\t\t\t\t\t<\/div>\n\t\t\t\t<\/div>\n\t\t\t\t<\/div>\n\t\t","protected":false},"excerpt":{"rendered":"<p>Enerji Otomasyonu Firmam\u0131z, enerji otomasyonu projeleriyle, enerji sistemlerinin daha verimli ve s\u00fcrd\u00fcr\u00fclebilir bir \u015fekilde y\u00f6netilmesini ama\u00e7lamaktad\u0131r. Bu t\u00fcr projeler, genellikle enerji \u00fcretimi, iletimi ve t\u00fcketimi s\u00fcre\u00e7lerinde otomatik kontrol sistemlerinin kullan\u0131lmas\u0131 yoluyla enerji y\u00f6netimini optimize etmeye odaklanmaktad\u0131r Enerji Otomasyonu Enerji Y\u00f6netim Sistemleri (EMS) Enerji t\u00fcketimini izleyen, analiz eden ve raporlayan sistemlerdir. Bu sistemler, enerji verimlili\u011fini art\u0131rmak [&hellip;]<\/p>\n","protected":false},"author":1,"featured_media":0,"parent":0,"menu_order":0,"comment_status":"closed","ping_status":"closed","template":"","meta":{"_monsterinsights_skip_tracking":false,"_monsterinsights_sitenote_active":false,"_monsterinsights_sitenote_note":"","_monsterinsights_sitenote_category":0,"footnotes":""},"class_list":["post-170","page","type-page","status-publish","hentry"],"aioseo_notices":[],"_links":{"self":[{"href":"https:\/\/istevl.com\/index.php?rest_route=\/wp\/v2\/pages\/170","targetHints":{"allow":["GET"]}}],"collection":[{"href":"https:\/\/istevl.com\/index.php?rest_route=\/wp\/v2\/pages"}],"about":[{"href":"https:\/\/istevl.com\/index.php?rest_route=\/wp\/v2\/types\/page"}],"author":[{"embeddable":true,"href":"https:\/\/istevl.com\/index.php?rest_route=\/wp\/v2\/users\/1"}],"replies":[{"embeddable":true,"href":"https:\/\/istevl.com\/index.php?rest_route=%2Fwp%2Fv2%2Fcomments&post=170"}],"version-history":[{"count":16,"href":"https:\/\/istevl.com\/index.php?rest_route=\/wp\/v2\/pages\/170\/revisions"}],"predecessor-version":[{"id":1326,"href":"https:\/\/istevl.com\/index.php?rest_route=\/wp\/v2\/pages\/170\/revisions\/1326"}],"wp:attachment":[{"href":"https:\/\/istevl.com\/index.php?rest_route=%2Fwp%2Fv2%2Fmedia&parent=170"}],"curies":[{"name":"wp","href":"https:\/\/api.w.org\/{rel}","templated":true}]}}