{"id":139,"date":"2024-12-05T13:32:22","date_gmt":"2024-12-05T10:32:22","guid":{"rendered":"https:\/\/istevl.com\/?page_id=139"},"modified":"2025-01-07T21:35:03","modified_gmt":"2025-01-07T18:35:03","slug":"otomasyon","status":"publish","type":"page","link":"https:\/\/istevl.com\/?page_id=139","title":{"rendered":"Otomasyon"},"content":{"rendered":"\t\t<div data-elementor-type=\"wp-page\" data-elementor-id=\"139\" class=\"elementor elementor-139\">\n\t\t\t\t<div class=\"elementor-element elementor-element-fd923e3 e-flex e-con-boxed e-con e-parent\" data-id=\"fd923e3\" data-element_type=\"container\" data-e-type=\"container\">\n\t\t\t\t\t<div class=\"e-con-inner\">\n\t\t\t\t\t<\/div>\n\t\t\t\t<\/div>\n\t\t<div class=\"elementor-element elementor-element-ae16a77 e-flex e-con-boxed e-con e-parent\" data-id=\"ae16a77\" data-element_type=\"container\" data-e-type=\"container\">\n\t\t\t\t\t<div class=\"e-con-inner\">\n\t\t<div class=\"elementor-element elementor-element-f2bf1d3 e-con-full e-flex e-con e-child\" data-id=\"f2bf1d3\" data-element_type=\"container\" data-e-type=\"container\">\n\t\t\t\t<div class=\"elementor-element elementor-element-e2bbcc1 elementor-widget elementor-widget-text-editor\" data-id=\"e2bbcc1\" data-element_type=\"widget\" data-e-type=\"widget\" data-widget_type=\"text-editor.default\">\n\t\t\t\t<div class=\"elementor-widget-container\">\n\t\t\t\t\t\t\t\t\t<p>Firmam\u0131z\u0131n uygulad\u0131\u011f\u0131 otomasyon projelerinin amac\u0131, end\u00fcstriyel ve bireysel s\u00fcre\u00e7lerde verimlili\u011fi art\u0131rmak, maliyetleri d\u00fc\u015f\u00fcrmek ve hata oranlar\u0131n\u0131 minimize etmektir. Ayn\u0131 zamanda, enerji sistemlerinin daha verimli ve s\u00fcrd\u00fcr\u00fclebilir bir \u015fekilde y\u00f6netilmesini sa\u011flamak i\u00e7in sistemleri geli\u015ftirmektir.<\/p>\t\t\t\t\t\t\t\t<\/div>\n\t\t\t\t<\/div>\n\t\t\t\t<\/div>\n\t\t<div class=\"elementor-element elementor-element-988f798 e-con-full e-flex e-con e-child\" data-id=\"988f798\" data-element_type=\"container\" data-e-type=\"container\">\n\t\t\t\t<div class=\"elementor-element elementor-element-cbd2c61 elementor-widget elementor-widget-image\" data-id=\"cbd2c61\" data-element_type=\"widget\" data-e-type=\"widget\" data-widget_type=\"image.default\">\n\t\t\t\t<div class=\"elementor-widget-container\">\n\t\t\t\t\t\t\t\t\t\t\t\t\t\t\t<img fetchpriority=\"high\" decoding=\"async\" width=\"342\" height=\"183\" src=\"https:\/\/istevl.com\/wp-content\/uploads\/2024\/12\/electrical_street_light_pole_drawings_detail_2d_view_autocad_file_01042019024654.webp\" class=\"attachment-large size-large wp-image-147\" alt=\"\" srcset=\"https:\/\/istevl.com\/wp-content\/uploads\/2024\/12\/electrical_street_light_pole_drawings_detail_2d_view_autocad_file_01042019024654.webp 342w, https:\/\/istevl.com\/wp-content\/uploads\/2024\/12\/electrical_street_light_pole_drawings_detail_2d_view_autocad_file_01042019024654-300x161.webp 300w\" sizes=\"(max-width: 342px) 100vw, 342px\" \/>\t\t\t\t\t\t\t\t\t\t\t\t\t\t\t<\/div>\n\t\t\t\t<\/div>\n\t\t\t\t<\/div>\n\t\t\t\t\t<\/div>\n\t\t\t\t<\/div>\n\t\t<div class=\"elementor-element elementor-element-8419971 e-flex e-con-boxed e-con e-parent\" data-id=\"8419971\" data-element_type=\"container\" data-e-type=\"container\">\n\t\t\t\t\t<div class=\"e-con-inner\">\n\t\t\t\t\t<\/div>\n\t\t\t\t<\/div>\n\t\t<div class=\"elementor-element elementor-element-9e8f4c2 e-flex e-con-boxed e-con e-parent\" data-id=\"9e8f4c2\" data-element_type=\"container\" data-e-type=\"container\">\n\t\t\t\t\t<div class=\"e-con-inner\">\n\t\t<div class=\"elementor-element elementor-element-6d6ae01 e-con-full e-flex e-con e-child\" data-id=\"6d6ae01\" data-element_type=\"container\" data-e-type=\"container\">\n\t\t\t\t<div class=\"elementor-element elementor-element-2cbfff7 elementor-widget elementor-widget-image\" data-id=\"2cbfff7\" data-element_type=\"widget\" data-e-type=\"widget\" data-widget_type=\"image.default\">\n\t\t\t\t<div class=\"elementor-widget-container\">\n\t\t\t\t\t\t\t\t\t\t\t\t\t\t\t<img decoding=\"async\" width=\"800\" height=\"377\" src=\"https:\/\/istevl.com\/wp-content\/uploads\/2024\/12\/00-Electrical-Symbols-2016-01-09-1024x482.png\" class=\"attachment-large size-large wp-image-144\" alt=\"\" srcset=\"https:\/\/istevl.com\/wp-content\/uploads\/2024\/12\/00-Electrical-Symbols-2016-01-09-1024x482.png 1024w, https:\/\/istevl.com\/wp-content\/uploads\/2024\/12\/00-Electrical-Symbols-2016-01-09-300x141.png 300w, https:\/\/istevl.com\/wp-content\/uploads\/2024\/12\/00-Electrical-Symbols-2016-01-09-768x362.png 768w, https:\/\/istevl.com\/wp-content\/uploads\/2024\/12\/00-Electrical-Symbols-2016-01-09-1536x724.png 1536w, https:\/\/istevl.com\/wp-content\/uploads\/2024\/12\/00-Electrical-Symbols-2016-01-09.png 1588w\" sizes=\"(max-width: 800px) 100vw, 800px\" \/>\t\t\t\t\t\t\t\t\t\t\t\t\t\t\t<\/div>\n\t\t\t\t<\/div>\n\t\t\t\t<\/div>\n\t\t<div class=\"elementor-element elementor-element-c331fc6 e-con-full e-flex e-con e-child\" data-id=\"c331fc6\" data-element_type=\"container\" data-e-type=\"container\">\n\t\t\t\t<div class=\"elementor-element elementor-element-ff458f6 elementor-widget elementor-widget-text-editor\" data-id=\"ff458f6\" data-element_type=\"widget\" data-e-type=\"widget\" data-widget_type=\"text-editor.default\">\n\t\t\t\t<div class=\"elementor-widget-container\">\n\t\t\t\t\t\t\t\t\t<p>Otomasyonda Hedefledi\u011fimiz sonu\u00e7lar;<\/p><ul><li>\u00dcretim ve operasyonel s\u00fcre\u00e7lerde %30&#8217;a varan verimlilik art\u0131\u015f\u0131.<\/li><li>\u0130\u015f g\u00fcc\u00fc maliyetlerinde d\u00fc\u015f\u00fc\u015f.<\/li><li>Hata oranlar\u0131n\u0131n %50&#8217;den fazla azalmas\u0131.<\/li><li>Enerji t\u00fcketiminde tasarruf sa\u011flayarak \u00e7evresel etkilerin azalt\u0131lmas\u0131.<\/li><\/ul>\t\t\t\t\t\t\t\t<\/div>\n\t\t\t\t<\/div>\n\t\t\t\t<\/div>\n\t\t\t\t\t<\/div>\n\t\t\t\t<\/div>\n\t\t<div class=\"elementor-element elementor-element-a3016bb e-flex e-con-boxed e-con e-parent\" data-id=\"a3016bb\" data-element_type=\"container\" data-e-type=\"container\">\n\t\t\t\t\t<div class=\"e-con-inner\">\n\t\t\t\t\t<\/div>\n\t\t\t\t<\/div>\n\t\t<div class=\"elementor-element elementor-element-f6a3a1a e-flex e-con-boxed e-con e-parent\" data-id=\"f6a3a1a\" data-element_type=\"container\" data-e-type=\"container\">\n\t\t\t\t\t<div class=\"e-con-inner\">\n\t\t<div class=\"elementor-element elementor-element-a4b7abe e-con-full e-flex e-con e-child\" data-id=\"a4b7abe\" data-element_type=\"container\" data-e-type=\"container\">\n\t\t\t\t<div class=\"elementor-element elementor-element-3dec3a6 elementor-drop-cap-yes elementor-drop-cap-view-default elementor-widget elementor-widget-text-editor\" data-id=\"3dec3a6\" data-element_type=\"widget\" data-e-type=\"widget\" data-settings=\"{&quot;drop_cap&quot;:&quot;yes&quot;}\" data-widget_type=\"text-editor.default\">\n\t\t\t\t<div class=\"elementor-widget-container\">\n\t\t\t\t\t\t\t\t\t<h5>Faaliyet G\u00f6sterdi\u011fimiz Otomasyon Projeleri;<\/h5><ol><li><a href=\"https:\/\/istevl.com\/?page_id=170\" target=\"_blank\" rel=\"noopener\">Enerji Otomasyonu<\/a><\/li><li><a href=\"https:\/\/istevl.com\/?page_id=172\" target=\"_blank\" rel=\"noopener\">Bina Otomasyonu ( HVAC\/BMS)<\/a><\/li><li><a href=\"https:\/\/istevl.com\/?page_id=209\" target=\"_blank\" rel=\"noopener\">End\u00fcstriyel Otomasyon<\/a><\/li><li><a href=\"https:\/\/istevl.com\/?page_id=364\" target=\"_blank\" rel=\"noopener\">Ayd\u0131nlatma Otomasyonu<\/a><\/li><li>Jenerat\u00f6r Senkronizasyonu ve Y\u00fck atma<\/li><li>MCC ve DDC pano dizayn ve uygulamalar\u0131<\/li><\/ol>\t\t\t\t\t\t\t\t<\/div>\n\t\t\t\t<\/div>\n\t\t\t\t<\/div>\n\t\t<div class=\"elementor-element elementor-element-ce978b3 e-con-full e-flex e-con e-child\" data-id=\"ce978b3\" data-element_type=\"container\" data-e-type=\"container\">\n\t\t\t\t<div class=\"elementor-element elementor-element-bdd6203 elementor-widget elementor-widget-image\" data-id=\"bdd6203\" data-element_type=\"widget\" data-e-type=\"widget\" data-widget_type=\"image.default\">\n\t\t\t\t<div class=\"elementor-widget-container\">\n\t\t\t\t\t\t\t\t\t\t\t\t\t\t\t<img decoding=\"async\" src=\"https:\/\/istevl.com\/wp-content\/uploads\/elementor\/thumbs\/Building_Automation_LG-qy24kk1zfccsplc4qww9ha1wbfhp6tj537rwnxeeyg.png\" title=\"Building_Automation_LG\" alt=\"Building_Automation_LG\" loading=\"lazy\" \/>\t\t\t\t\t\t\t\t\t\t\t\t\t\t\t<\/div>\n\t\t\t\t<\/div>\n\t\t\t\t<\/div>\n\t\t\t\t\t<\/div>\n\t\t\t\t<\/div>\n\t\t<div class=\"elementor-element elementor-element-2bace00 e-flex e-con-boxed e-con e-parent\" data-id=\"2bace00\" data-element_type=\"container\" data-e-type=\"container\">\n\t\t\t\t\t<div class=\"e-con-inner\">\n\t\t\t\t\t<\/div>\n\t\t\t\t<\/div>\n\t\t\t\t<\/div>\n\t\t","protected":false},"excerpt":{"rendered":"<p>Firmam\u0131z\u0131n uygulad\u0131\u011f\u0131 otomasyon projelerinin amac\u0131, end\u00fcstriyel ve bireysel s\u00fcre\u00e7lerde verimlili\u011fi art\u0131rmak, maliyetleri d\u00fc\u015f\u00fcrmek ve hata oranlar\u0131n\u0131 minimize etmektir. Ayn\u0131 zamanda, enerji sistemlerinin daha verimli ve s\u00fcrd\u00fcr\u00fclebilir bir \u015fekilde y\u00f6netilmesini sa\u011flamak i\u00e7in sistemleri geli\u015ftirmektir. Otomasyonda Hedefledi\u011fimiz sonu\u00e7lar; \u00dcretim ve operasyonel s\u00fcre\u00e7lerde %30&#8217;a varan verimlilik art\u0131\u015f\u0131. \u0130\u015f g\u00fcc\u00fc maliyetlerinde d\u00fc\u015f\u00fc\u015f. Hata oranlar\u0131n\u0131n %50&#8217;den fazla azalmas\u0131. Enerji t\u00fcketiminde [&hellip;]<\/p>\n","protected":false},"author":1,"featured_media":0,"parent":0,"menu_order":0,"comment_status":"closed","ping_status":"closed","template":"","meta":{"_monsterinsights_skip_tracking":false,"_monsterinsights_sitenote_active":false,"_monsterinsights_sitenote_note":"","_monsterinsights_sitenote_category":0,"footnotes":""},"class_list":["post-139","page","type-page","status-publish","hentry"],"aioseo_notices":[],"_links":{"self":[{"href":"https:\/\/istevl.com\/index.php?rest_route=\/wp\/v2\/pages\/139","targetHints":{"allow":["GET"]}}],"collection":[{"href":"https:\/\/istevl.com\/index.php?rest_route=\/wp\/v2\/pages"}],"about":[{"href":"https:\/\/istevl.com\/index.php?rest_route=\/wp\/v2\/types\/page"}],"author":[{"embeddable":true,"href":"https:\/\/istevl.com\/index.php?rest_route=\/wp\/v2\/users\/1"}],"replies":[{"embeddable":true,"href":"https:\/\/istevl.com\/index.php?rest_route=%2Fwp%2Fv2%2Fcomments&post=139"}],"version-history":[{"count":31,"href":"https:\/\/istevl.com\/index.php?rest_route=\/wp\/v2\/pages\/139\/revisions"}],"predecessor-version":[{"id":1350,"href":"https:\/\/istevl.com\/index.php?rest_route=\/wp\/v2\/pages\/139\/revisions\/1350"}],"wp:attachment":[{"href":"https:\/\/istevl.com\/index.php?rest_route=%2Fwp%2Fv2%2Fmedia&parent=139"}],"curies":[{"name":"wp","href":"https:\/\/api.w.org\/{rel}","templated":true}]}}